{"id":1511,"date":"2015-11-06T13:38:57","date_gmt":"2015-11-06T13:38:57","guid":{"rendered":"http:\/\/test.hostessa.pl\/?page_id=1511"},"modified":"2021-05-26T16:57:40","modified_gmt":"2021-05-26T14:57:40","slug":"contact-bak","status":"publish","type":"page","link":"https:\/\/hostessa.pl\/en\/contact-bak\/","title":{"rendered":"Contact bak"},"content":{"rendered":"<h1>CONTACT<\/h1>\r\n<p>If you are interested in the services we offer, we encourage you to contact us for pricing.<\/p>\r\n<p><em>DNA and Neventum are reliable partners with the services of hostesses in. Poland. Neventum is present in more than 140 countries and has almost 12,500 suppliers in the world to provide the service of hostesses, catering and construction of stands.<\/em><\/p>\r\n<p style=\"text-align: center;\"><a href=\"https:\/\/www.neventum.com\/hostesses\/dna\"><img loading=\"lazy\" decoding=\"async\" class=\"alignnone size-thumbnail wp-image-13420 lazyload\" src=\"data:image\/gif;base64,R0lGODlhAQABAAAAACH5BAEKAAEALAAAAAABAAEAAAICTAEAOw==\" alt=\"\" width=\"150\" height=\"150\" sizes=\"auto, (max-width: 150px) 100vw, 150px\" data-src=\"https:\/\/hostessa.pl\/wp-content\/uploads\/2019\/04\/unnamed-150x150.png\" data-srcset=\"https:\/\/hostessa.pl\/wp-content\/uploads\/2019\/04\/unnamed-150x150.png 150w, https:\/\/hostessa.pl\/wp-content\/uploads\/2019\/04\/unnamed.png 200w\"><\/a><\/p>\r\n<p>&nbsp;<\/p>\r\n<p>&nbsp;<\/p>\r\n\r\n<p>&nbsp;<\/p>\r\n","protected":false},"excerpt":{"rendered":"<p>CONTACT If you are interested in the services we offer, we encourage you to contact us for pricing. DNA and Neventum are reliable partners with the services of hostesses in. Poland. Neventum is present in more than 140 countries and has almost 12,500 suppliers in the world to provide the service of hostesses, catering and construction of stands. &nbsp; &nbsp; &nbsp;<\/p>\n","protected":false},"author":1,"featured_media":0,"parent":0,"menu_order":0,"comment_status":"closed","ping_status":"closed","template":"","meta":{"_uag_custom_page_level_css":"","yasr_overall_rating":0,"yasr_post_is_review":"","yasr_auto_insert_disabled":"","yasr_review_type":"","_vp_format_video_url":"","_vp_image_focal_point":[],"footnotes":"","_links_to":"","_links_to_target":""},"class_list":["post-1511","page","type-page","status-publish","hentry"],"yoast_head":"<!-- This site is optimized with the Yoast SEO plugin v27.4 - https:\/\/yoast.com\/product\/yoast-seo-wordpress\/ -->\n<title>Contact bak - Agencja Hostess DNA - Hostessy wynajem, ca\u0142a Polska, Warszawa<\/title>\n<meta name=\"robots\" content=\"index, follow, max-snippet:-1, max-image-preview:large, max-video-preview:-1\" \/>\n<link rel=\"canonical\" href=\"https:\/\/hostessa.pl\/en\/contact-bak\/\" \/>\n<meta property=\"og:locale\" content=\"en_US\" \/>\n<meta property=\"og:type\" content=\"article\" \/>\n<meta property=\"og:title\" content=\"Contact bak - Agencja Hostess DNA - Hostessy wynajem, ca\u0142a Polska, Warszawa\" \/>\n<meta property=\"og:description\" content=\"CONTACT If you are interested in the services we offer, we encourage you to contact us for pricing. DNA and Neventum are reliable partners with the services of hostesses in. Poland. Neventum is present in more than 140 countries and has almost 12,500 suppliers in the world to provide the service of hostesses, catering and construction of stands. &nbsp; &nbsp; &nbsp;\" \/>\n<meta property=\"og:url\" content=\"https:\/\/hostessa.pl\/en\/contact-bak\/\" \/>\n<meta property=\"og:site_name\" content=\"Agencja Hostess DNA - Hostessy wynajem, ca\u0142a Polska, Warszawa\" \/>\n<meta property=\"article:publisher\" content=\"https:\/\/www.facebook.com\/DNA.agencja\" \/>\n<meta property=\"article:modified_time\" content=\"2021-05-26T14:57:40+00:00\" \/>\n<meta property=\"og:image\" content=\"https:\/\/hostessa.pl\/wp-content\/uploads\/2019\/04\/unnamed-150x150.png\" \/>\n<meta name=\"twitter:card\" content=\"summary_large_image\" \/>\n<script type=\"application\/ld+json\" class=\"yoast-schema-graph\">{\"@context\":\"https:\\\/\\\/schema.org\",\"@graph\":[{\"@type\":\"WebPage\",\"@id\":\"https:\\\/\\\/hostessa.pl\\\/en\\\/contact-bak\\\/\",\"url\":\"https:\\\/\\\/hostessa.pl\\\/en\\\/contact-bak\\\/\",\"name\":\"Contact bak - Agencja Hostess DNA - Hostessy wynajem, ca\u0142a Polska, Warszawa\",\"isPartOf\":{\"@id\":\"https:\\\/\\\/hostessa.pl\\\/#website\"},\"primaryImageOfPage\":{\"@id\":\"https:\\\/\\\/hostessa.pl\\\/en\\\/contact-bak\\\/#primaryimage\"},\"image\":{\"@id\":\"https:\\\/\\\/hostessa.pl\\\/en\\\/contact-bak\\\/#primaryimage\"},\"thumbnailUrl\":\"https:\\\/\\\/hostessa.pl\\\/wp-content\\\/uploads\\\/2019\\\/04\\\/unnamed-150x150.png\",\"datePublished\":\"2015-11-06T13:38:57+00:00\",\"dateModified\":\"2021-05-26T14:57:40+00:00\",\"breadcrumb\":{\"@id\":\"https:\\\/\\\/hostessa.pl\\\/en\\\/contact-bak\\\/#breadcrumb\"},\"inLanguage\":\"en-US\",\"potentialAction\":[{\"@type\":\"ReadAction\",\"target\":[\"https:\\\/\\\/hostessa.pl\\\/en\\\/contact-bak\\\/\"]}]},{\"@type\":\"ImageObject\",\"inLanguage\":\"en-US\",\"@id\":\"https:\\\/\\\/hostessa.pl\\\/en\\\/contact-bak\\\/#primaryimage\",\"url\":\"https:\\\/\\\/hostessa.pl\\\/wp-content\\\/uploads\\\/2019\\\/04\\\/unnamed-150x150.png\",\"contentUrl\":\"https:\\\/\\\/hostessa.pl\\\/wp-content\\\/uploads\\\/2019\\\/04\\\/unnamed-150x150.png\"},{\"@type\":\"BreadcrumbList\",\"@id\":\"https:\\\/\\\/hostessa.pl\\\/en\\\/contact-bak\\\/#breadcrumb\",\"itemListElement\":[{\"@type\":\"ListItem\",\"position\":1,\"name\":\"Home\",\"item\":\"https:\\\/\\\/hostessa.pl\\\/en\\\/\"},{\"@type\":\"ListItem\",\"position\":2,\"name\":\"Contact bak\"}]},{\"@type\":\"WebSite\",\"@id\":\"https:\\\/\\\/hostessa.pl\\\/#website\",\"url\":\"https:\\\/\\\/hostessa.pl\\\/\",\"name\":\"Agencja Hostess DNA - Hostessy wynajem, ca\u0142a Polska, Warszawa\",\"description\":\"Hostessy, ho\u015bci, promotorki i animatorki na targi, konferencje, eventy i promocje - ca\u0142y kraj - Warszawa, Katowice, Pozna\u0144, Wroc\u0142aw, Krak\u00f3w, Gda\u0144sk\",\"potentialAction\":[{\"@type\":\"SearchAction\",\"target\":{\"@type\":\"EntryPoint\",\"urlTemplate\":\"https:\\\/\\\/hostessa.pl\\\/?s={search_term_string}\"},\"query-input\":{\"@type\":\"PropertyValueSpecification\",\"valueRequired\":true,\"valueName\":\"search_term_string\"}}],\"inLanguage\":\"en-US\"},false]}<\/script>\n<!-- \/ Yoast SEO plugin. -->","yoast_head_json":{"title":"Contact bak - Agencja Hostess DNA - Hostessy wynajem, ca\u0142a Polska, Warszawa","robots":{"index":"index","follow":"follow","max-snippet":"max-snippet:-1","max-image-preview":"max-image-preview:large","max-video-preview":"max-video-preview:-1"},"canonical":"https:\/\/hostessa.pl\/en\/contact-bak\/","og_locale":"en_US","og_type":"article","og_title":"Contact bak - Agencja Hostess DNA - Hostessy wynajem, ca\u0142a Polska, Warszawa","og_description":"CONTACT If you are interested in the services we offer, we encourage you to contact us for pricing. DNA and Neventum are reliable partners with the services of hostesses in. Poland. Neventum is present in more than 140 countries and has almost 12,500 suppliers in the world to provide the service of hostesses, catering and construction of stands. &nbsp; &nbsp; &nbsp;","og_url":"https:\/\/hostessa.pl\/en\/contact-bak\/","og_site_name":"Agencja Hostess DNA - Hostessy wynajem, ca\u0142a Polska, Warszawa","article_publisher":"https:\/\/www.facebook.com\/DNA.agencja","article_modified_time":"2021-05-26T14:57:40+00:00","og_image":[{"url":"https:\/\/hostessa.pl\/wp-content\/uploads\/2019\/04\/unnamed-150x150.png","type":"","width":"","height":""}],"twitter_card":"summary_large_image","schema":{"@context":"https:\/\/schema.org","@graph":[{"@type":"WebPage","@id":"https:\/\/hostessa.pl\/en\/contact-bak\/","url":"https:\/\/hostessa.pl\/en\/contact-bak\/","name":"Contact bak - Agencja Hostess DNA - Hostessy wynajem, ca\u0142a Polska, Warszawa","isPartOf":{"@id":"https:\/\/hostessa.pl\/#website"},"primaryImageOfPage":{"@id":"https:\/\/hostessa.pl\/en\/contact-bak\/#primaryimage"},"image":{"@id":"https:\/\/hostessa.pl\/en\/contact-bak\/#primaryimage"},"thumbnailUrl":"https:\/\/hostessa.pl\/wp-content\/uploads\/2019\/04\/unnamed-150x150.png","datePublished":"2015-11-06T13:38:57+00:00","dateModified":"2021-05-26T14:57:40+00:00","breadcrumb":{"@id":"https:\/\/hostessa.pl\/en\/contact-bak\/#breadcrumb"},"inLanguage":"en-US","potentialAction":[{"@type":"ReadAction","target":["https:\/\/hostessa.pl\/en\/contact-bak\/"]}]},{"@type":"ImageObject","inLanguage":"en-US","@id":"https:\/\/hostessa.pl\/en\/contact-bak\/#primaryimage","url":"https:\/\/hostessa.pl\/wp-content\/uploads\/2019\/04\/unnamed-150x150.png","contentUrl":"https:\/\/hostessa.pl\/wp-content\/uploads\/2019\/04\/unnamed-150x150.png"},{"@type":"BreadcrumbList","@id":"https:\/\/hostessa.pl\/en\/contact-bak\/#breadcrumb","itemListElement":[{"@type":"ListItem","position":1,"name":"Home","item":"https:\/\/hostessa.pl\/en\/"},{"@type":"ListItem","position":2,"name":"Contact bak"}]},{"@type":"WebSite","@id":"https:\/\/hostessa.pl\/#website","url":"https:\/\/hostessa.pl\/","name":"Agencja Hostess DNA - Hostessy wynajem, ca\u0142a Polska, Warszawa","description":"Hostessy, ho\u015bci, promotorki i animatorki na targi, konferencje, eventy i promocje - ca\u0142y kraj - Warszawa, Katowice, Pozna\u0144, Wroc\u0142aw, Krak\u00f3w, Gda\u0144sk","potentialAction":[{"@type":"SearchAction","target":{"@type":"EntryPoint","urlTemplate":"https:\/\/hostessa.pl\/?s={search_term_string}"},"query-input":{"@type":"PropertyValueSpecification","valueRequired":true,"valueName":"search_term_string"}}],"inLanguage":"en-US"},false]}},"yasr_visitor_votes":{"stars_attributes":{"read_only":false,"span_bottom":false},"number_of_votes":0,"sum_votes":0},"uagb_featured_image_src":{"full":false,"thumbnail":false,"medium":false,"medium_large":false,"large":false,"1536x1536":false,"2048x2048":false,"vp_sm":false,"vp_md":false,"vp_lg":false,"vp_xl":false,"vp_sm_popup":false,"vp_md_popup":false,"vp_xl_popup":false},"uagb_author_info":{"display_name":"marketing@dna.com.pl","author_link":"https:\/\/hostessa.pl\/en\/author\/marketingdna-com-pl\/"},"uagb_comment_info":0,"uagb_excerpt":"CONTACT If you are interested in the services we offer, we encourage you to contact us for pricing. DNA and Neventum are reliable partners with the services of hostesses in. Poland. Neventum is present in more than 140 countries and has almost 12,500 suppliers in the world to provide the service of hostesses, catering and&hellip;","_wp_page_template":"default","_edit_lock":"1622041061:1","_edit_last":"1","slides_group":"","page_slider":"","layerslider_slide_group":"","cuteslider_slide_group":"","page_slider_type":"none","thememakers_layout_constructor":{"1436906000775":{"640532051786":{"title":"","css_class":"element1-3","front_css_class":"one-third column","value":"1\/3","effect":"","content":"<p><span style=\"color: #5a5d60;\"><strong>DNA sp. z o.o. sp. k.<\/strong><\/span><br \/>15 Raszy\u0144ska Street, ap. 8<br \/>02-026 Warszawa<\/p>"},"578827342904":{"title":"","css_class":"element1-3","front_css_class":"one-third column","value":"1\/3","effect":"","content":"<span style=\"color: #5a5d60;\"><strong>E-mail for Clients:<\/strong><\/span>\r\n<div class=\"acc-box type-2\"> <span class=\"acc-trigger\" data-mode=\"\"><a onclick=\"gtag('event', 'Dla Klient\u00f3w', {'event_category': 'Klikni\u0119cie Maila','event_label': 'en'});\" href=\"#-1\">Show E-mail<\/a><\/span><div class=\"acc-container\"><p><a href=\"mailto:hostessa@dna.com.pl\">hostessa@dna.com.pl<\/a><\/p><\/div><\/div>\r\n<span style=\"color: #5a5d60;\"><strong>Phone for Clients:<\/strong><\/span>\r\n<div class=\"acc-box type-2\"> <span class=\"acc-trigger\" data-mode=\"\"><a onclick=\"gtag('event', 'Dla Klient\u00f3w', {'event_category': 'Klikni\u0119cie telefonu','event_label': 'en'});\" href=\"#-2\">Show phone number<\/a><\/span><div class=\"acc-container\"><p>Phone: +48 22 745 23 35<br>Mobile: +48 512 338 785<\/p><\/div><\/div>"},"746915329054":{"title":"","css_class":"element1-3","front_css_class":"one-third column","value":"1\/3","effect":"","content":"<p><span style=\"color: #5a5d60;\"><strong>E-mail for Employees:<\/strong><\/span><\/p>\r\n<div class=\"acc-box type-2\"><span class=\"acc-trigger\" data-mode=\"\"><a href=\"#-3\">Show E-mail<\/a><\/span>\r\n<div class=\"acc-container\">\r\n<p><a href=\"mailto:hostessy@dna.com.pl\">hostessy@dna.com.pl<\/a><\/p>\r\n<\/div>\r\n<\/div>\r\n<p><span style=\"color: #5a5d60;\"><strong>Phone for Employees:<\/strong><\/span><\/p>\r\n<div class=\"acc-box type-2\"><span class=\"acc-trigger\" data-mode=\"\"><a href=\"#-4\">Show phone number<\/a><\/span>\r\n<div class=\"acc-container\">\r\n<p>+48 500 896 952<\/p>\r\n<\/div>\r\n<\/div>"}},"659039115600":{"1260116832732":{"title":"","css_class":"element1-1","front_css_class":"","value":"1","effect":"","content":""}},"213832097185":{"970029090941":{"title":"","css_class":"element1-1","front_css_class":"","value":"1","effect":"","content":"<iframe src=\"https:\/\/www.google.com\/maps\/embed?pb=!1m18!1m12!1m3!1d2444.1468386637903!2d20.98758895158753!3d52.222549979659554!2m3!1f0!2f0!3f0!3m2!1i1024!2i768!4f13.1!3m3!1m2!1s0x471eccad4e375ea5%3A0x59d08c214894951d!2sDNA+%E2%80%93+agencja+hostess!5e0!3m2!1spl!2spl!4v1526563151580\" width=\"100%\" height=\"400\" frameborder=\"0\" style=\"border:0\" allowfullscreen><\/iframe>"}}},"thememakers_layout_constructor_row":{"1436906000775":{"bg_type":"none","bg_data":"","border_type":"none","border_width":"0","border_color":""},"659039115600":{"bg_type":"none","bg_data":"","border_type":"none","border_width":"0","border_color":""},"213832097185":{"bg_type":"none","bg_data":"","border_type":"none","border_width":"0","border_color":""}},"thememakers_gallery":"","layout":"","facebook":"","twitter":"","linkedin":"","dribble":"","portfolio_date":"","portfolio_clients":"","portfolio_tools":"","thememakers_portfolio":"","meta_title":"","meta_keywords":"","meta_description":"","post_pod_type":"","post_type_values":"","pagebg_type":"color","pagebg_color":"","pagebg_image":"","pagebg_type_image_option":"repeat","page_sidebar_position":"sbr","headerbg_type":"color","headerbg_color":"","headerbg_image":"","headerbg_type_image_option":"repeat","tmm_portfolio":"","portfolio_camera":"","portfolio_lens":"","portfolio_tripod_or_handheld":"","portfolio_fl":"","portfolio_exposure":"","portfolio_brackets":"","portfolio_processed":"","portfolio_etc":"","vimeo":"","youtube":"","pinterest":"","instagram":"","flickr":"","gplus":"","behance":"","rss":"","portfolio_camera_label":"","portfolio_lens_label":"","portfolio_tripod_or_handheld_label":"","portfolio_fl_label":"","portfolio_exposure_label":"","portfolio_brackets_label":"","portfolio_processed_label":"","portfolio_etc_label":"","page_title_status":"hide","fb_com":"","headerbg_opacity":"0","footerbg_type":"color","footerbg_color":"","footerbg_image":"","footerbg_type_image_option":"repeat","footerbg_opacity":"0","tmm_google_fonts":"","_wpwoxcustomscriptcontenttop":"","_wpwoxcustomscriptcontentbottom":"","_wpwoxcustomscriptcontentinhead":"","_wpwoxcustomscriptcontentinfooter":"","_yoast_wpseo_focuskw_text_input":"","_yoast_wpseo_focuskw":"","_yoast_wpseo_metadesc":"","_yoast_wpseo_linkdex":"","_oembed_f2fbcdb699bbb0df141d301c329d6922":"","_oembed_time_f2fbcdb699bbb0df141d301c329d6922":"","classic-editor-remember":"classic-editor","_wpml_media_duplicate":"","_wpml_media_featured":"","_vp_words_count":"","_yoast_wpseo_estimated-reading-time-minutes":"","_yoast_wpseo_title":"","_yoast_wpseo_content_score":"30","_wpml_word_count":"","_wpml_location_migration_done":"","rmp_vote_count":"","rmp_rating_val_sum":"","rmp_avg_rating":"","yasr_schema_additional_fields":"","_yoast_wpseo_wordproof_timestamp":"","_uag_page_assets":{"css":".uag-blocks-common-selector{z-index:var(--z-index-desktop) !important}@media(max-width: 976px){.uag-blocks-common-selector{z-index:var(--z-index-tablet) !important}}@media(max-width: 767px){.uag-blocks-common-selector{z-index:var(--z-index-mobile) !important}}","js":"","current_block_list":["core\/paragraph"],"uag_flag":false,"uag_version":"1776868760","gfonts":[],"gfonts_url":"","gfonts_files":[],"uag_faq_layout":false},"_uag_css_file_name":"uag-css-1511.css","_thumbnail_id":"","_kksr_count_default":"","_kksr_ratings_default":"","_kksr_avg_default":"","_kksr_fingerprint_default":"","_kksr_casts":"","_kksr_ratings":"","_kksr_ref":"","_kksr_avg":"","slide_template":"","_alp_processed":"","_last_translation_edit_mode":"native-editor","_oembed_d7d0006fbcbd7909221f738988a6bc6a":"","_vp_format_video_url":"","_vp_image_focal_point":"","_links_to":"","_links_to_target":"","_oembed_32e302dc0c0fb9862658212a93f87ef5":"","_aioseo_title":"","_aioseo_description":"","_aioseo_keywords":"","_aioseo_og_title":"","_aioseo_og_description":"","_aioseo_og_article_section":"","_aioseo_og_article_tags":"","_aioseo_twitter_title":"","_aioseo_twitter_description":"","_yoast_wpseo_meta-robots-noindex":"","_vp_views_count":"","_links":{"self":[{"href":"https:\/\/hostessa.pl\/en\/wp-json\/wp\/v2\/pages\/1511","targetHints":{"allow":["GET"]}}],"collection":[{"href":"https:\/\/hostessa.pl\/en\/wp-json\/wp\/v2\/pages"}],"about":[{"href":"https:\/\/hostessa.pl\/en\/wp-json\/wp\/v2\/types\/page"}],"author":[{"embeddable":true,"href":"https:\/\/hostessa.pl\/en\/wp-json\/wp\/v2\/users\/1"}],"replies":[{"embeddable":true,"href":"https:\/\/hostessa.pl\/en\/wp-json\/wp\/v2\/comments?post=1511"}],"version-history":[{"count":0,"href":"https:\/\/hostessa.pl\/en\/wp-json\/wp\/v2\/pages\/1511\/revisions"}],"wp:attachment":[{"href":"https:\/\/hostessa.pl\/en\/wp-json\/wp\/v2\/media?parent=1511"}],"curies":[{"name":"wp","href":"https:\/\/api.w.org\/{rel}","templated":true}]}}