{"id":1509,"date":"2015-11-06T13:37:53","date_gmt":"2015-11-06T13:37:53","guid":{"rendered":"http:\/\/test.hostessa.pl\/?page_id=1509"},"modified":"2021-06-22T19:46:14","modified_gmt":"2021-06-22T17:46:14","slug":"hostesses_throughout_poland","status":"publish","type":"page","link":"https:\/\/hostessa.pl\/en\/hostesses_throughout_poland\/","title":{"rendered":"Hostesses throughout Poland"},"content":{"rendered":"\n<p><strong>DNA &#8211; hostess agency<\/strong> operates in every town and in every location <strong>throughout the country<\/strong>!<\/p>\n\n\n\n<p>Our staff consists of young people not only from <a href=\"https:\/\/hostessa.pl\/en\/hostesses_warszawa\/\"><strong>Warsaw<\/strong><\/a>, but <strong>from cities throughout the whole area of Poland<\/strong> such as Be\u0142chat\u00f3w, B\u0119dzin, Bia\u0142a Podlaska, <strong>Bia\u0142ystok<\/strong>, Bielsko-Bia\u0142a, <strong>Bydgoszcz<\/strong>, Bytom, Che\u0142m, Chorz\u00f3w, Cz\u0119stochowa, D\u0105browa G\u00f3rnicza, Elbl\u0105g, E\u0142k, <a href=\"https:\/\/hostessa.pl\/en\/hostesses_gdansk\/\"><strong>Gda\u0144sk<\/strong><\/a>, Gdynia, Gliwice, G\u0142og\u00f3w, Gniezno,<strong> Gorz\u00f3w Wielkopolski<\/strong>, Grudzi\u0105dz, Inowroc\u0142aw, Jastrz\u0119bie-Zdr\u00f3j, Jaworzno, Jelenia G\u00f3ra, Kalisz, <a href=\"https:\/\/hostessa.pl\/en\/hostesses_katowice\/\"><strong>Katowice<\/strong><\/a>, K\u0119dzierzyn-Ko\u017ale, <a href=\"https:\/\/hostessa.pl\/en\/hostesses_kielce\/\"><strong>Kielce<\/strong><\/a>, Konin, Koszalin, <a href=\"https:\/\/hostessa.pl\/en\/hostesses_krakow\/\"><strong>Krak\u00f3w<\/strong><\/a>, Legionowo, Legnica, Leszno, Lubin, <a href=\"https:\/\/hostessa.pl\/en\/hostesses_lublin\/\"><strong>Lublin<\/strong><\/a>, \u0141om\u017ca, <a href=\"https:\/\/hostessa.pl\/en\/hostesses_lodz\/\"><strong>\u0141\u00f3d\u017a<\/strong><\/a>, Mielec, Mys\u0142owice, Nowy S\u0105cz, <strong>Olsztyn<\/strong>, <strong>Opole<\/strong>, Ostro\u0142\u0119ka, Ostrowiec \u015awi\u0119tokrzyski, Ostr\u00f3w Wielkopolski, Pabianice, Piekary \u015al\u0105skie, Pi\u0142a, Piotrk\u00f3w Trybunalski, P\u0142ock, <a href=\"https:\/\/hostessa.pl\/en\/hostesses_poznan\/\"><strong>Pozna\u0144<\/strong><\/a>, Pruszk\u00f3w, Przemy\u015bl, Pu\u0142awy, Racib\u00f3rz, Radom, Ruda \u015al\u0105ska, Rybnik, <a href=\"https:\/\/hostessa.pl\/en\/hostesses_rzeszow\/\"><strong>Rzesz\u00f3w<\/strong><\/a>, Siedlce, Siemianowice \u015al\u0105skie, S\u0142upsk, Sosnowiec, Stalowa Wola, Starachowice, Stargard Szczeci\u0144ski, Suwa\u0142ki, <strong>Szczecin<\/strong>, \u015awidnica, \u015awi\u0119toch\u0142owice, Tarnowskie G\u00f3ry, Tarn\u00f3w, Tczew, Tomasz\u00f3w Mazowiecki, <strong>Toru\u0144<\/strong>, Tychy, Wa\u0142brzych, Wejherowo, W\u0142oc\u0142awek, <a href=\"https:\/\/hostessa.pl\/en\/hostesses_wroclaw\/\"><strong>Wroc\u0142aw<\/strong><\/a>, Zabrze, Zamo\u015b\u0107, Zawiercie, Zgierz, <strong>Zielona G\u00f3ra<\/strong>, \u017bory.<\/p>\n","protected":false},"excerpt":{"rendered":"<p>DNA &#8211; hostess agency operates in every town and in every location throughout the country! Our staff consists of young people not only from Warsaw, but from cities throughout the whole area of Poland such as Be\u0142chat\u00f3w, B\u0119dzin, Bia\u0142a Podlaska, Bia\u0142ystok, Bielsko-Bia\u0142a, Bydgoszcz, Bytom, Che\u0142m, Chorz\u00f3w, Cz\u0119stochowa, D\u0105browa G\u00f3rnicza, Elbl\u0105g, E\u0142k, Gda\u0144sk, Gdynia, Gliwice, G\u0142og\u00f3w, Gniezno, Gorz\u00f3w Wielkopolski, Grudzi\u0105dz, Inowroc\u0142aw, Jastrz\u0119bie-Zdr\u00f3j, Jaworzno, Jelenia G\u00f3ra, Kalisz, Katowice, K\u0119dzierzyn-Ko\u017ale, Kielce, Konin, Koszalin, Krak\u00f3w, Legionowo, Legnica, Leszno, Lubin, Lublin, \u0141om\u017ca, \u0141\u00f3d\u017a, Mielec, Mys\u0142owice, Nowy S\u0105cz, Olsztyn, Opole, Ostro\u0142\u0119ka, Ostrowiec \u015awi\u0119tokrzyski, Ostr\u00f3w Wielkopolski, Pabianice, Piekary \u015al\u0105skie, Pi\u0142a, Piotrk\u00f3w Trybunalski, P\u0142ock, Pozna\u0144, Pruszk\u00f3w, Przemy\u015bl, Pu\u0142awy, Racib\u00f3rz, Radom, Ruda \u015al\u0105ska, Rybnik, Rzesz\u00f3w, Siedlce, Siemianowice \u015al\u0105skie, S\u0142upsk, [&hellip;]<\/p>\n","protected":false},"author":1,"featured_media":14573,"parent":0,"menu_order":0,"comment_status":"closed","ping_status":"closed","template":"page_sidebar.php","meta":{"_uag_custom_page_level_css":"","yasr_overall_rating":0,"yasr_post_is_review":"","yasr_auto_insert_disabled":"","yasr_review_type":"","_vp_format_video_url":"","_vp_image_focal_point":[],"footnotes":"","_links_to":"","_links_to_target":""},"class_list":["post-1509","page","type-page","status-publish","has-post-thumbnail","hentry"],"yoast_head":"<!-- This site is optimized with the Yoast SEO plugin v27.4 - https:\/\/yoast.com\/product\/yoast-seo-wordpress\/ -->\n<title>Hostesses throughout Poland - Agencja Hostess DNA - Hostessy wynajem, ca\u0142a Polska, Warszawa<\/title>\n<meta name=\"robots\" content=\"index, follow, max-snippet:-1, max-image-preview:large, max-video-preview:-1\" \/>\n<link rel=\"canonical\" href=\"https:\/\/hostessa.pl\/en\/hostesses_throughout_poland\/\" \/>\n<meta property=\"og:locale\" content=\"en_US\" \/>\n<meta property=\"og:type\" content=\"article\" \/>\n<meta property=\"og:title\" content=\"Hostesses throughout Poland - Agencja Hostess DNA - Hostessy wynajem, ca\u0142a Polska, Warszawa\" \/>\n<meta property=\"og:description\" content=\"DNA &#8211; hostess agency operates in every town and in every location throughout the country! Our staff consists of young people not only from Warsaw, but from cities throughout the whole area of Poland such as Be\u0142chat\u00f3w, B\u0119dzin, Bia\u0142a Podlaska, Bia\u0142ystok, Bielsko-Bia\u0142a, Bydgoszcz, Bytom, Che\u0142m, Chorz\u00f3w, Cz\u0119stochowa, D\u0105browa G\u00f3rnicza, Elbl\u0105g, E\u0142k, Gda\u0144sk, Gdynia, Gliwice, G\u0142og\u00f3w, Gniezno, Gorz\u00f3w Wielkopolski, Grudzi\u0105dz, Inowroc\u0142aw, Jastrz\u0119bie-Zdr\u00f3j, Jaworzno, Jelenia G\u00f3ra, Kalisz, Katowice, K\u0119dzierzyn-Ko\u017ale, Kielce, Konin, Koszalin, Krak\u00f3w, Legionowo, Legnica, Leszno, Lubin, Lublin, \u0141om\u017ca, \u0141\u00f3d\u017a, Mielec, Mys\u0142owice, Nowy S\u0105cz, Olsztyn, Opole, Ostro\u0142\u0119ka, Ostrowiec \u015awi\u0119tokrzyski, Ostr\u00f3w Wielkopolski, Pabianice, Piekary \u015al\u0105skie, Pi\u0142a, Piotrk\u00f3w Trybunalski, P\u0142ock, Pozna\u0144, Pruszk\u00f3w, Przemy\u015bl, Pu\u0142awy, Racib\u00f3rz, Radom, Ruda \u015al\u0105ska, Rybnik, Rzesz\u00f3w, Siedlce, Siemianowice \u015al\u0105skie, S\u0142upsk, [&hellip;]\" \/>\n<meta property=\"og:url\" content=\"https:\/\/hostessa.pl\/en\/hostesses_throughout_poland\/\" \/>\n<meta property=\"og:site_name\" content=\"Agencja Hostess DNA - Hostessy wynajem, ca\u0142a Polska, Warszawa\" \/>\n<meta property=\"article:publisher\" content=\"https:\/\/www.facebook.com\/DNA.agencja\" \/>\n<meta property=\"article:modified_time\" content=\"2021-06-22T17:46:14+00:00\" \/>\n<meta property=\"og:image\" content=\"https:\/\/hostessa.pl\/wp-content\/uploads\/2015\/10\/hostessy.jpg\" \/>\n\t<meta property=\"og:image:width\" content=\"1200\" \/>\n\t<meta property=\"og:image:height\" content=\"800\" \/>\n\t<meta property=\"og:image:type\" content=\"image\/jpeg\" \/>\n<meta name=\"twitter:card\" content=\"summary_large_image\" \/>\n<meta name=\"twitter:label1\" content=\"Est. reading time\" \/>\n\t<meta name=\"twitter:data1\" content=\"1 minute\" \/>\n<script type=\"application\/ld+json\" class=\"yoast-schema-graph\">{\"@context\":\"https:\\\/\\\/schema.org\",\"@graph\":[{\"@type\":\"WebPage\",\"@id\":\"https:\\\/\\\/hostessa.pl\\\/en\\\/hostesses_throughout_poland\\\/\",\"url\":\"https:\\\/\\\/hostessa.pl\\\/en\\\/hostesses_throughout_poland\\\/\",\"name\":\"Hostesses throughout Poland - Agencja Hostess DNA - Hostessy wynajem, ca\u0142a Polska, Warszawa\",\"isPartOf\":{\"@id\":\"https:\\\/\\\/hostessa.pl\\\/#website\"},\"primaryImageOfPage\":{\"@id\":\"https:\\\/\\\/hostessa.pl\\\/en\\\/hostesses_throughout_poland\\\/#primaryimage\"},\"image\":{\"@id\":\"https:\\\/\\\/hostessa.pl\\\/en\\\/hostesses_throughout_poland\\\/#primaryimage\"},\"thumbnailUrl\":\"https:\\\/\\\/hostessa.pl\\\/wp-content\\\/uploads\\\/2015\\\/10\\\/hostessy.jpg\",\"datePublished\":\"2015-11-06T13:37:53+00:00\",\"dateModified\":\"2021-06-22T17:46:14+00:00\",\"breadcrumb\":{\"@id\":\"https:\\\/\\\/hostessa.pl\\\/en\\\/hostesses_throughout_poland\\\/#breadcrumb\"},\"inLanguage\":\"en-US\",\"potentialAction\":[{\"@type\":\"ReadAction\",\"target\":[\"https:\\\/\\\/hostessa.pl\\\/en\\\/hostesses_throughout_poland\\\/\"]}]},{\"@type\":\"ImageObject\",\"inLanguage\":\"en-US\",\"@id\":\"https:\\\/\\\/hostessa.pl\\\/en\\\/hostesses_throughout_poland\\\/#primaryimage\",\"url\":\"https:\\\/\\\/hostessa.pl\\\/wp-content\\\/uploads\\\/2015\\\/10\\\/hostessy.jpg\",\"contentUrl\":\"https:\\\/\\\/hostessa.pl\\\/wp-content\\\/uploads\\\/2015\\\/10\\\/hostessy.jpg\",\"width\":1200,\"height\":800},{\"@type\":\"BreadcrumbList\",\"@id\":\"https:\\\/\\\/hostessa.pl\\\/en\\\/hostesses_throughout_poland\\\/#breadcrumb\",\"itemListElement\":[{\"@type\":\"ListItem\",\"position\":1,\"name\":\"Home\",\"item\":\"https:\\\/\\\/hostessa.pl\\\/en\\\/\"},{\"@type\":\"ListItem\",\"position\":2,\"name\":\"Hostesses throughout Poland\"}]},{\"@type\":\"WebSite\",\"@id\":\"https:\\\/\\\/hostessa.pl\\\/#website\",\"url\":\"https:\\\/\\\/hostessa.pl\\\/\",\"name\":\"Agencja Hostess DNA - Hostessy wynajem, ca\u0142a Polska, Warszawa\",\"description\":\"Hostessy, ho\u015bci, promotorki i animatorki na targi, konferencje, eventy i promocje - ca\u0142y kraj - Warszawa, Katowice, Pozna\u0144, Wroc\u0142aw, Krak\u00f3w, Gda\u0144sk\",\"potentialAction\":[{\"@type\":\"SearchAction\",\"target\":{\"@type\":\"EntryPoint\",\"urlTemplate\":\"https:\\\/\\\/hostessa.pl\\\/?s={search_term_string}\"},\"query-input\":{\"@type\":\"PropertyValueSpecification\",\"valueRequired\":true,\"valueName\":\"search_term_string\"}}],\"inLanguage\":\"en-US\"},false]}<\/script>\n<!-- \/ Yoast SEO plugin. -->","yoast_head_json":{"title":"Hostesses throughout Poland - Agencja Hostess DNA - Hostessy wynajem, ca\u0142a Polska, Warszawa","robots":{"index":"index","follow":"follow","max-snippet":"max-snippet:-1","max-image-preview":"max-image-preview:large","max-video-preview":"max-video-preview:-1"},"canonical":"https:\/\/hostessa.pl\/en\/hostesses_throughout_poland\/","og_locale":"en_US","og_type":"article","og_title":"Hostesses throughout Poland - Agencja Hostess DNA - Hostessy wynajem, ca\u0142a Polska, Warszawa","og_description":"DNA &#8211; hostess agency operates in every town and in every location throughout the country! Our staff consists of young people not only from Warsaw, but from cities throughout the whole area of Poland such as Be\u0142chat\u00f3w, B\u0119dzin, Bia\u0142a Podlaska, Bia\u0142ystok, Bielsko-Bia\u0142a, Bydgoszcz, Bytom, Che\u0142m, Chorz\u00f3w, Cz\u0119stochowa, D\u0105browa G\u00f3rnicza, Elbl\u0105g, E\u0142k, Gda\u0144sk, Gdynia, Gliwice, G\u0142og\u00f3w, Gniezno, Gorz\u00f3w Wielkopolski, Grudzi\u0105dz, Inowroc\u0142aw, Jastrz\u0119bie-Zdr\u00f3j, Jaworzno, Jelenia G\u00f3ra, Kalisz, Katowice, K\u0119dzierzyn-Ko\u017ale, Kielce, Konin, Koszalin, Krak\u00f3w, Legionowo, Legnica, Leszno, Lubin, Lublin, \u0141om\u017ca, \u0141\u00f3d\u017a, Mielec, Mys\u0142owice, Nowy S\u0105cz, Olsztyn, Opole, Ostro\u0142\u0119ka, Ostrowiec \u015awi\u0119tokrzyski, Ostr\u00f3w Wielkopolski, Pabianice, Piekary \u015al\u0105skie, Pi\u0142a, Piotrk\u00f3w Trybunalski, P\u0142ock, Pozna\u0144, Pruszk\u00f3w, Przemy\u015bl, Pu\u0142awy, Racib\u00f3rz, Radom, Ruda \u015al\u0105ska, Rybnik, Rzesz\u00f3w, Siedlce, Siemianowice \u015al\u0105skie, S\u0142upsk, [&hellip;]","og_url":"https:\/\/hostessa.pl\/en\/hostesses_throughout_poland\/","og_site_name":"Agencja Hostess DNA - Hostessy wynajem, ca\u0142a Polska, Warszawa","article_publisher":"https:\/\/www.facebook.com\/DNA.agencja","article_modified_time":"2021-06-22T17:46:14+00:00","og_image":[{"width":1200,"height":800,"url":"https:\/\/hostessa.pl\/wp-content\/uploads\/2015\/10\/hostessy.jpg","type":"image\/jpeg"}],"twitter_card":"summary_large_image","twitter_misc":{"Est. reading time":"1 minute"},"schema":{"@context":"https:\/\/schema.org","@graph":[{"@type":"WebPage","@id":"https:\/\/hostessa.pl\/en\/hostesses_throughout_poland\/","url":"https:\/\/hostessa.pl\/en\/hostesses_throughout_poland\/","name":"Hostesses throughout Poland - Agencja Hostess DNA - Hostessy wynajem, ca\u0142a Polska, Warszawa","isPartOf":{"@id":"https:\/\/hostessa.pl\/#website"},"primaryImageOfPage":{"@id":"https:\/\/hostessa.pl\/en\/hostesses_throughout_poland\/#primaryimage"},"image":{"@id":"https:\/\/hostessa.pl\/en\/hostesses_throughout_poland\/#primaryimage"},"thumbnailUrl":"https:\/\/hostessa.pl\/wp-content\/uploads\/2015\/10\/hostessy.jpg","datePublished":"2015-11-06T13:37:53+00:00","dateModified":"2021-06-22T17:46:14+00:00","breadcrumb":{"@id":"https:\/\/hostessa.pl\/en\/hostesses_throughout_poland\/#breadcrumb"},"inLanguage":"en-US","potentialAction":[{"@type":"ReadAction","target":["https:\/\/hostessa.pl\/en\/hostesses_throughout_poland\/"]}]},{"@type":"ImageObject","inLanguage":"en-US","@id":"https:\/\/hostessa.pl\/en\/hostesses_throughout_poland\/#primaryimage","url":"https:\/\/hostessa.pl\/wp-content\/uploads\/2015\/10\/hostessy.jpg","contentUrl":"https:\/\/hostessa.pl\/wp-content\/uploads\/2015\/10\/hostessy.jpg","width":1200,"height":800},{"@type":"BreadcrumbList","@id":"https:\/\/hostessa.pl\/en\/hostesses_throughout_poland\/#breadcrumb","itemListElement":[{"@type":"ListItem","position":1,"name":"Home","item":"https:\/\/hostessa.pl\/en\/"},{"@type":"ListItem","position":2,"name":"Hostesses throughout Poland"}]},{"@type":"WebSite","@id":"https:\/\/hostessa.pl\/#website","url":"https:\/\/hostessa.pl\/","name":"Agencja Hostess DNA - Hostessy wynajem, ca\u0142a Polska, Warszawa","description":"Hostessy, ho\u015bci, promotorki i animatorki na targi, konferencje, eventy i promocje - ca\u0142y kraj - Warszawa, Katowice, Pozna\u0144, Wroc\u0142aw, Krak\u00f3w, Gda\u0144sk","potentialAction":[{"@type":"SearchAction","target":{"@type":"EntryPoint","urlTemplate":"https:\/\/hostessa.pl\/?s={search_term_string}"},"query-input":{"@type":"PropertyValueSpecification","valueRequired":true,"valueName":"search_term_string"}}],"inLanguage":"en-US"},false]}},"yasr_visitor_votes":{"stars_attributes":{"read_only":false,"span_bottom":false},"number_of_votes":0,"sum_votes":0},"uagb_featured_image_src":{"full":["https:\/\/hostessa.pl\/wp-content\/uploads\/2015\/10\/hostessy.jpg",1200,800,false],"thumbnail":["https:\/\/hostessa.pl\/wp-content\/uploads\/2015\/10\/hostessy-150x100.jpg",150,100,true],"medium":["https:\/\/hostessa.pl\/wp-content\/uploads\/2015\/10\/hostessy-300x200.jpg",300,200,true],"medium_large":["https:\/\/hostessa.pl\/wp-content\/uploads\/2015\/10\/hostessy.jpg",768,512,false],"large":["https:\/\/hostessa.pl\/wp-content\/uploads\/2015\/10\/hostessy-1024x683.jpg",1024,683,true],"1536x1536":["https:\/\/hostessa.pl\/wp-content\/uploads\/2015\/10\/hostessy.jpg",1200,800,false],"2048x2048":["https:\/\/hostessa.pl\/wp-content\/uploads\/2015\/10\/hostessy.jpg",1200,800,false],"vp_sm":["https:\/\/hostessa.pl\/wp-content\/uploads\/2015\/10\/hostessy.jpg",500,333,false],"vp_md":["https:\/\/hostessa.pl\/wp-content\/uploads\/2015\/10\/hostessy.jpg",800,533,false],"vp_lg":["https:\/\/hostessa.pl\/wp-content\/uploads\/2015\/10\/hostessy.jpg",1200,800,false],"vp_xl":["https:\/\/hostessa.pl\/wp-content\/uploads\/2015\/10\/hostessy.jpg",1200,800,false],"vp_sm_popup":["https:\/\/hostessa.pl\/wp-content\/uploads\/2015\/10\/hostessy.jpg",500,333,false],"vp_md_popup":["https:\/\/hostessa.pl\/wp-content\/uploads\/2015\/10\/hostessy.jpg",800,533,false],"vp_xl_popup":["https:\/\/hostessa.pl\/wp-content\/uploads\/2015\/10\/hostessy.jpg",1200,800,false]},"uagb_author_info":{"display_name":"marketing@dna.com.pl","author_link":"https:\/\/hostessa.pl\/en\/author\/marketingdna-com-pl\/"},"uagb_comment_info":0,"uagb_excerpt":"DNA &#8211; hostess agency operates in every town and in every location throughout the country! Our staff consists of young people not only from Warsaw, but from cities throughout the whole area of Poland such as Be\u0142chat\u00f3w, B\u0119dzin, Bia\u0142a Podlaska, Bia\u0142ystok, Bielsko-Bia\u0142a, Bydgoszcz, Bytom, Che\u0142m, Chorz\u00f3w, Cz\u0119stochowa, D\u0105browa G\u00f3rnicza, Elbl\u0105g, E\u0142k, Gda\u0144sk, Gdynia, Gliwice, G\u0142og\u00f3w,&hellip;","_wp_page_template":"page_sidebar.php","_edit_lock":"1624383975:3","_edit_last":"3","slides_group":"","page_slider":"","layerslider_slide_group":"","cuteslider_slide_group":"","page_slider_type":"none","thememakers_layout_constructor":[],"thememakers_layout_constructor_row":[],"thememakers_gallery":"","layout":"","facebook":"","twitter":"","linkedin":"","dribble":"","portfolio_date":"","portfolio_clients":"","portfolio_tools":"","thememakers_portfolio":"","meta_title":"","meta_keywords":"","meta_description":"","post_pod_type":"","post_type_values":"","pagebg_type":"color","pagebg_color":"","pagebg_image":"","pagebg_type_image_option":"repeat","page_sidebar_position":"sbr","headerbg_type":"color","headerbg_color":"","headerbg_image":"","headerbg_type_image_option":"repeat","tmm_portfolio":"","portfolio_camera":"","portfolio_lens":"","portfolio_tripod_or_handheld":"","portfolio_fl":"","portfolio_exposure":"","portfolio_brackets":"","portfolio_processed":"","portfolio_etc":"","vimeo":"","youtube":"","pinterest":"","instagram":"","flickr":"","gplus":"","behance":"","rss":"","portfolio_camera_label":"","portfolio_lens_label":"","portfolio_tripod_or_handheld_label":"","portfolio_fl_label":"","portfolio_exposure_label":"","portfolio_brackets_label":"","portfolio_processed_label":"","portfolio_etc_label":"","page_title_status":"hide","fb_com":"","headerbg_opacity":"0","footerbg_type":"color","footerbg_color":"","footerbg_image":"","footerbg_type_image_option":"repeat","footerbg_opacity":"0","tmm_google_fonts":"","_wpwoxcustomscriptcontenttop":"","_wpwoxcustomscriptcontentbottom":"","_wpwoxcustomscriptcontentinhead":"","_wpwoxcustomscriptcontentinfooter":"","_yoast_wpseo_focuskw_text_input":"","_yoast_wpseo_focuskw":"","_yoast_wpseo_metadesc":"","_yoast_wpseo_linkdex":"","_oembed_f2fbcdb699bbb0df141d301c329d6922":"","_oembed_time_f2fbcdb699bbb0df141d301c329d6922":"","classic-editor-remember":"","_wpml_media_duplicate":"","_wpml_media_featured":"","_vp_words_count":"139","_yoast_wpseo_estimated-reading-time-minutes":"","_yoast_wpseo_title":"","_yoast_wpseo_content_score":"60","_wpml_word_count":"","_wpml_location_migration_done":"","rmp_vote_count":"","rmp_rating_val_sum":"","rmp_avg_rating":"","yasr_schema_additional_fields":"","_yoast_wpseo_wordproof_timestamp":"","_uag_page_assets":{"css":".uag-blocks-common-selector{z-index:var(--z-index-desktop) !important}@media (max-width: 976px){.uag-blocks-common-selector{z-index:var(--z-index-tablet) !important}}@media (max-width: 767px){.uag-blocks-common-selector{z-index:var(--z-index-mobile) !important}}\n","js":"","current_block_list":["core\/paragraph"],"uag_flag":false,"uag_version":"1776351499","gfonts":[],"gfonts_url":"","gfonts_files":[],"uag_faq_layout":false},"_uag_css_file_name":"uag-css-1509.css","_thumbnail_id":"14573","_kksr_count_default":"","_kksr_ratings_default":"","_kksr_avg_default":"","_kksr_fingerprint_default":"","_kksr_casts":"","_kksr_ratings":"","_kksr_ref":"","_kksr_avg":"","slide_template":"default","_alp_processed":"","_last_translation_edit_mode":"native-editor","_oembed_d7d0006fbcbd7909221f738988a6bc6a":"","_vp_format_video_url":"","_vp_image_focal_point":"","_links_to":"","_links_to_target":"","_oembed_32e302dc0c0fb9862658212a93f87ef5":"","_aioseo_title":"","_aioseo_description":"","_aioseo_keywords":"","_aioseo_og_title":"","_aioseo_og_description":"","_aioseo_og_article_section":"","_aioseo_og_article_tags":"","_aioseo_twitter_title":"","_aioseo_twitter_description":"","_yoast_wpseo_meta-robots-noindex":"","_vp_views_count":"","_links":{"self":[{"href":"https:\/\/hostessa.pl\/en\/wp-json\/wp\/v2\/pages\/1509","targetHints":{"allow":["GET"]}}],"collection":[{"href":"https:\/\/hostessa.pl\/en\/wp-json\/wp\/v2\/pages"}],"about":[{"href":"https:\/\/hostessa.pl\/en\/wp-json\/wp\/v2\/types\/page"}],"author":[{"embeddable":true,"href":"https:\/\/hostessa.pl\/en\/wp-json\/wp\/v2\/users\/1"}],"replies":[{"embeddable":true,"href":"https:\/\/hostessa.pl\/en\/wp-json\/wp\/v2\/comments?post=1509"}],"version-history":[{"count":0,"href":"https:\/\/hostessa.pl\/en\/wp-json\/wp\/v2\/pages\/1509\/revisions"}],"wp:featuredmedia":[{"embeddable":true,"href":"https:\/\/hostessa.pl\/en\/wp-json\/wp\/v2\/media\/14573"}],"wp:attachment":[{"href":"https:\/\/hostessa.pl\/en\/wp-json\/wp\/v2\/media?parent=1509"}],"curies":[{"name":"wp","href":"https:\/\/api.w.org\/{rel}","templated":true}]}}