{"id":1502,"date":"2015-11-06T13:32:30","date_gmt":"2015-11-06T13:32:30","guid":{"rendered":"http:\/\/test.hostessa.pl\/?page_id=1502"},"modified":"2021-06-22T19:41:09","modified_gmt":"2021-06-22T17:41:09","slug":"hostesses_banquets","status":"publish","type":"page","link":"https:\/\/hostessa.pl\/en\/hostesses_banquets\/","title":{"rendered":"Hostesses for galas and banquets"},"content":{"rendered":"\n<p><strong>DNA<\/strong> is also a specialized service provider rendering its services at galas, banquettes, shows and corporate events. Handling those events we place special emphasis on our staff&#8217;s elegance, beauty, charm and manners. Our hostesses and guests assigned to work at galas and banquettes are highly professional and will definitely add splendor to each event During hundreds of events our hostesses have performed different tasks presenting products and assisted at award presentations as well as welcomed guests at your events. Their experience and commitment guarantee your event&#8217;s success.<\/p>\n\n\n\n<h3 class=\"has-text-align-center wp-block-heading\"><strong>Dancing partners<\/strong><\/h3>\n\n\n\n<p><strong>DNA &#8211; hostess agency<\/strong> also renders services at concerts, corporate and club parties. Our dancing partners are bound to rock the house and their charm and energy will make even the most timid guests want to party. Apart from dancing, they can also welcome your guests, act as animators, organize competitions and assist at tasting at promo events.<\/p>\n\n\n\n<h2 class=\"has-text-align-center wp-block-heading\">CONTACT US!<\/h2>\n\n\n\n<div class=\"wp-block-buttons is-content-justification-center is-layout-flex wp-block-buttons-is-layout-flex\">\n<div class=\"wp-block-button\"><a class=\"wp-block-button__link\" href=\"https:\/\/hostessa.pl\/en\/contact\/\">CONTACT<\/a><\/div>\n<\/div>\n\n\n\n<div class=\"wp-block-getwid-advanced-spacer\" style=\"height:50px\" aria-hidden=\"true\"><\/div>\n","protected":false},"excerpt":{"rendered":"<p>DNA is also a specialized service provider rendering its services at galas, banquettes, shows and corporate events. Handling those events we place special emphasis on our staff&#8217;s elegance, beauty, charm and manners. Our hostesses and guests assigned to work at galas and banquettes are highly professional and will definitely add splendor to each event During hundreds of events our hostesses have performed different tasks presenting products and assisted at award presentations as well as welcomed guests at your events. Their experience and commitment guarantee your event&#8217;s success. Dancing partners DNA &#8211; hostess agency also renders services at concerts, corporate and club parties. Our dancing partners are bound to rock the [&hellip;]<\/p>\n","protected":false},"author":1,"featured_media":1867,"parent":0,"menu_order":0,"comment_status":"closed","ping_status":"closed","template":"page_sidebar.php","meta":{"_uag_custom_page_level_css":"","yasr_overall_rating":0,"yasr_post_is_review":"","yasr_auto_insert_disabled":"","yasr_review_type":"","_vp_format_video_url":"","_vp_image_focal_point":[],"footnotes":"","_links_to":"","_links_to_target":""},"class_list":["post-1502","page","type-page","status-publish","has-post-thumbnail","hentry"],"yoast_head":"<!-- This site is optimized with the Yoast SEO plugin v27.3 - https:\/\/yoast.com\/product\/yoast-seo-wordpress\/ -->\n<title>Hostesses for galas and banquets - Agencja Hostess DNA - Hostessy wynajem, ca\u0142a Polska, Warszawa<\/title>\n<meta name=\"robots\" content=\"index, follow, max-snippet:-1, max-image-preview:large, max-video-preview:-1\" \/>\n<link rel=\"canonical\" href=\"https:\/\/hostessa.pl\/en\/hostesses_banquets\/\" \/>\n<meta property=\"og:locale\" content=\"en_US\" \/>\n<meta property=\"og:type\" content=\"article\" \/>\n<meta property=\"og:title\" content=\"Hostesses for galas and banquets - Agencja Hostess DNA - Hostessy wynajem, ca\u0142a Polska, Warszawa\" \/>\n<meta property=\"og:description\" content=\"DNA is also a specialized service provider rendering its services at galas, banquettes, shows and corporate events. Handling those events we place special emphasis on our staff&#8217;s elegance, beauty, charm and manners. Our hostesses and guests assigned to work at galas and banquettes are highly professional and will definitely add splendor to each event During hundreds of events our hostesses have performed different tasks presenting products and assisted at award presentations as well as welcomed guests at your events. Their experience and commitment guarantee your event&#8217;s success. Dancing partners DNA &#8211; hostess agency also renders services at concerts, corporate and club parties. Our dancing partners are bound to rock the [&hellip;]\" \/>\n<meta property=\"og:url\" content=\"https:\/\/hostessa.pl\/en\/hostesses_banquets\/\" \/>\n<meta property=\"og:site_name\" content=\"Agencja Hostess DNA - Hostessy wynajem, ca\u0142a Polska, Warszawa\" \/>\n<meta property=\"article:publisher\" content=\"https:\/\/www.facebook.com\/DNA.agencja\" \/>\n<meta property=\"article:modified_time\" content=\"2021-06-22T17:41:09+00:00\" \/>\n<meta property=\"og:image\" content=\"https:\/\/hostessa.pl\/wp-content\/uploads\/2015\/10\/bankiety.jpg\" \/>\n\t<meta property=\"og:image:width\" content=\"1200\" \/>\n\t<meta property=\"og:image:height\" content=\"800\" \/>\n\t<meta property=\"og:image:type\" content=\"image\/jpeg\" \/>\n<meta name=\"twitter:card\" content=\"summary_large_image\" \/>\n<meta name=\"twitter:label1\" content=\"Est. reading time\" \/>\n\t<meta name=\"twitter:data1\" content=\"1 minute\" \/>\n<script type=\"application\/ld+json\" class=\"yoast-schema-graph\">{\"@context\":\"https:\\\/\\\/schema.org\",\"@graph\":[{\"@type\":\"WebPage\",\"@id\":\"https:\\\/\\\/hostessa.pl\\\/en\\\/hostesses_banquets\\\/\",\"url\":\"https:\\\/\\\/hostessa.pl\\\/en\\\/hostesses_banquets\\\/\",\"name\":\"Hostesses for galas and banquets - Agencja Hostess DNA - Hostessy wynajem, ca\u0142a Polska, Warszawa\",\"isPartOf\":{\"@id\":\"https:\\\/\\\/hostessa.pl\\\/#website\"},\"primaryImageOfPage\":{\"@id\":\"https:\\\/\\\/hostessa.pl\\\/en\\\/hostesses_banquets\\\/#primaryimage\"},\"image\":{\"@id\":\"https:\\\/\\\/hostessa.pl\\\/en\\\/hostesses_banquets\\\/#primaryimage\"},\"thumbnailUrl\":\"https:\\\/\\\/hostessa.pl\\\/wp-content\\\/uploads\\\/2015\\\/10\\\/bankiety.jpg\",\"datePublished\":\"2015-11-06T13:32:30+00:00\",\"dateModified\":\"2021-06-22T17:41:09+00:00\",\"breadcrumb\":{\"@id\":\"https:\\\/\\\/hostessa.pl\\\/en\\\/hostesses_banquets\\\/#breadcrumb\"},\"inLanguage\":\"en-US\",\"potentialAction\":[{\"@type\":\"ReadAction\",\"target\":[\"https:\\\/\\\/hostessa.pl\\\/en\\\/hostesses_banquets\\\/\"]}]},{\"@type\":\"ImageObject\",\"inLanguage\":\"en-US\",\"@id\":\"https:\\\/\\\/hostessa.pl\\\/en\\\/hostesses_banquets\\\/#primaryimage\",\"url\":\"https:\\\/\\\/hostessa.pl\\\/wp-content\\\/uploads\\\/2015\\\/10\\\/bankiety.jpg\",\"contentUrl\":\"https:\\\/\\\/hostessa.pl\\\/wp-content\\\/uploads\\\/2015\\\/10\\\/bankiety.jpg\",\"width\":1200,\"height\":800},{\"@type\":\"BreadcrumbList\",\"@id\":\"https:\\\/\\\/hostessa.pl\\\/en\\\/hostesses_banquets\\\/#breadcrumb\",\"itemListElement\":[{\"@type\":\"ListItem\",\"position\":1,\"name\":\"Home\",\"item\":\"https:\\\/\\\/hostessa.pl\\\/en\\\/\"},{\"@type\":\"ListItem\",\"position\":2,\"name\":\"Hostesses for galas and banquets\"}]},{\"@type\":\"WebSite\",\"@id\":\"https:\\\/\\\/hostessa.pl\\\/#website\",\"url\":\"https:\\\/\\\/hostessa.pl\\\/\",\"name\":\"Agencja Hostess DNA - Hostessy wynajem, ca\u0142a Polska, Warszawa\",\"description\":\"Hostessy, ho\u015bci, promotorki i animatorki na targi, konferencje, eventy i promocje - ca\u0142y kraj - Warszawa, Katowice, Pozna\u0144, Wroc\u0142aw, Krak\u00f3w, Gda\u0144sk\",\"potentialAction\":[{\"@type\":\"SearchAction\",\"target\":{\"@type\":\"EntryPoint\",\"urlTemplate\":\"https:\\\/\\\/hostessa.pl\\\/?s={search_term_string}\"},\"query-input\":{\"@type\":\"PropertyValueSpecification\",\"valueRequired\":true,\"valueName\":\"search_term_string\"}}],\"inLanguage\":\"en-US\"},false]}<\/script>\n<!-- \/ Yoast SEO plugin. -->","yoast_head_json":{"title":"Hostesses for galas and banquets - Agencja Hostess DNA - Hostessy wynajem, ca\u0142a Polska, Warszawa","robots":{"index":"index","follow":"follow","max-snippet":"max-snippet:-1","max-image-preview":"max-image-preview:large","max-video-preview":"max-video-preview:-1"},"canonical":"https:\/\/hostessa.pl\/en\/hostesses_banquets\/","og_locale":"en_US","og_type":"article","og_title":"Hostesses for galas and banquets - Agencja Hostess DNA - Hostessy wynajem, ca\u0142a Polska, Warszawa","og_description":"DNA is also a specialized service provider rendering its services at galas, banquettes, shows and corporate events. Handling those events we place special emphasis on our staff&#8217;s elegance, beauty, charm and manners. Our hostesses and guests assigned to work at galas and banquettes are highly professional and will definitely add splendor to each event During hundreds of events our hostesses have performed different tasks presenting products and assisted at award presentations as well as welcomed guests at your events. Their experience and commitment guarantee your event&#8217;s success. Dancing partners DNA &#8211; hostess agency also renders services at concerts, corporate and club parties. Our dancing partners are bound to rock the [&hellip;]","og_url":"https:\/\/hostessa.pl\/en\/hostesses_banquets\/","og_site_name":"Agencja Hostess DNA - Hostessy wynajem, ca\u0142a Polska, Warszawa","article_publisher":"https:\/\/www.facebook.com\/DNA.agencja","article_modified_time":"2021-06-22T17:41:09+00:00","og_image":[{"width":1200,"height":800,"url":"https:\/\/hostessa.pl\/wp-content\/uploads\/2015\/10\/bankiety.jpg","type":"image\/jpeg"}],"twitter_card":"summary_large_image","twitter_misc":{"Est. reading time":"1 minute"},"schema":{"@context":"https:\/\/schema.org","@graph":[{"@type":"WebPage","@id":"https:\/\/hostessa.pl\/en\/hostesses_banquets\/","url":"https:\/\/hostessa.pl\/en\/hostesses_banquets\/","name":"Hostesses for galas and banquets - Agencja Hostess DNA - Hostessy wynajem, ca\u0142a Polska, Warszawa","isPartOf":{"@id":"https:\/\/hostessa.pl\/#website"},"primaryImageOfPage":{"@id":"https:\/\/hostessa.pl\/en\/hostesses_banquets\/#primaryimage"},"image":{"@id":"https:\/\/hostessa.pl\/en\/hostesses_banquets\/#primaryimage"},"thumbnailUrl":"https:\/\/hostessa.pl\/wp-content\/uploads\/2015\/10\/bankiety.jpg","datePublished":"2015-11-06T13:32:30+00:00","dateModified":"2021-06-22T17:41:09+00:00","breadcrumb":{"@id":"https:\/\/hostessa.pl\/en\/hostesses_banquets\/#breadcrumb"},"inLanguage":"en-US","potentialAction":[{"@type":"ReadAction","target":["https:\/\/hostessa.pl\/en\/hostesses_banquets\/"]}]},{"@type":"ImageObject","inLanguage":"en-US","@id":"https:\/\/hostessa.pl\/en\/hostesses_banquets\/#primaryimage","url":"https:\/\/hostessa.pl\/wp-content\/uploads\/2015\/10\/bankiety.jpg","contentUrl":"https:\/\/hostessa.pl\/wp-content\/uploads\/2015\/10\/bankiety.jpg","width":1200,"height":800},{"@type":"BreadcrumbList","@id":"https:\/\/hostessa.pl\/en\/hostesses_banquets\/#breadcrumb","itemListElement":[{"@type":"ListItem","position":1,"name":"Home","item":"https:\/\/hostessa.pl\/en\/"},{"@type":"ListItem","position":2,"name":"Hostesses for galas and banquets"}]},{"@type":"WebSite","@id":"https:\/\/hostessa.pl\/#website","url":"https:\/\/hostessa.pl\/","name":"Agencja Hostess DNA - Hostessy wynajem, ca\u0142a Polska, Warszawa","description":"Hostessy, ho\u015bci, promotorki i animatorki na targi, konferencje, eventy i promocje - ca\u0142y kraj - Warszawa, Katowice, Pozna\u0144, Wroc\u0142aw, Krak\u00f3w, Gda\u0144sk","potentialAction":[{"@type":"SearchAction","target":{"@type":"EntryPoint","urlTemplate":"https:\/\/hostessa.pl\/?s={search_term_string}"},"query-input":{"@type":"PropertyValueSpecification","valueRequired":true,"valueName":"search_term_string"}}],"inLanguage":"en-US"},false]}},"yasr_visitor_votes":{"stars_attributes":{"read_only":false,"span_bottom":false},"number_of_votes":0,"sum_votes":0},"uagb_featured_image_src":{"full":["https:\/\/hostessa.pl\/wp-content\/uploads\/2015\/10\/bankiety.jpg",1200,800,false],"thumbnail":["https:\/\/hostessa.pl\/wp-content\/uploads\/2015\/10\/bankiety-150x100.jpg",150,100,true],"medium":["https:\/\/hostessa.pl\/wp-content\/uploads\/2015\/10\/bankiety-300x200.jpg",300,200,true],"medium_large":["https:\/\/hostessa.pl\/wp-content\/uploads\/2015\/10\/bankiety.jpg",768,512,false],"large":["https:\/\/hostessa.pl\/wp-content\/uploads\/2015\/10\/bankiety-1024x683.jpg",1024,683,true],"1536x1536":["https:\/\/hostessa.pl\/wp-content\/uploads\/2015\/10\/bankiety.jpg",1200,800,false],"2048x2048":["https:\/\/hostessa.pl\/wp-content\/uploads\/2015\/10\/bankiety.jpg",1200,800,false],"vp_sm":["https:\/\/hostessa.pl\/wp-content\/uploads\/2015\/10\/bankiety.jpg",500,333,false],"vp_md":["https:\/\/hostessa.pl\/wp-content\/uploads\/2015\/10\/bankiety.jpg",800,533,false],"vp_lg":["https:\/\/hostessa.pl\/wp-content\/uploads\/2015\/10\/bankiety.jpg",1200,800,false],"vp_xl":["https:\/\/hostessa.pl\/wp-content\/uploads\/2015\/10\/bankiety.jpg",1200,800,false],"vp_sm_popup":["https:\/\/hostessa.pl\/wp-content\/uploads\/2015\/10\/bankiety.jpg",500,333,false],"vp_md_popup":["https:\/\/hostessa.pl\/wp-content\/uploads\/2015\/10\/bankiety.jpg",800,533,false],"vp_xl_popup":["https:\/\/hostessa.pl\/wp-content\/uploads\/2015\/10\/bankiety.jpg",1200,800,false]},"uagb_author_info":{"display_name":"marketing@dna.com.pl","author_link":"https:\/\/hostessa.pl\/en\/author\/marketingdna-com-pl\/"},"uagb_comment_info":0,"uagb_excerpt":"DNA is also a specialized service provider rendering its services at galas, banquettes, shows and corporate events. Handling those events we place special emphasis on our staff&#8217;s elegance, beauty, charm and manners. Our hostesses and guests assigned to work at galas and banquettes are highly professional and will definitely add splendor to each event During&hellip;","_wp_page_template":"page_sidebar.php","_edit_lock":"1624383673:3","_edit_last":"3","slides_group":"","page_slider":"","layerslider_slide_group":"","cuteslider_slide_group":"","page_slider_type":"none","thememakers_layout_constructor":[],"thememakers_layout_constructor_row":[],"thememakers_gallery":"","layout":"","facebook":"","twitter":"","linkedin":"","dribble":"","portfolio_date":"","portfolio_clients":"","portfolio_tools":"","thememakers_portfolio":"","meta_title":"","meta_keywords":"","meta_description":"","post_pod_type":"","post_type_values":"","pagebg_type":"color","pagebg_color":"","pagebg_image":"","pagebg_type_image_option":"repeat","page_sidebar_position":"sbr","headerbg_type":"color","headerbg_color":"","headerbg_image":"","headerbg_type_image_option":"repeat","tmm_portfolio":"","portfolio_camera":"","portfolio_lens":"","portfolio_tripod_or_handheld":"","portfolio_fl":"","portfolio_exposure":"","portfolio_brackets":"","portfolio_processed":"","portfolio_etc":"","vimeo":"","youtube":"","pinterest":"","instagram":"","flickr":"","gplus":"","behance":"","rss":"","portfolio_camera_label":"","portfolio_lens_label":"","portfolio_tripod_or_handheld_label":"","portfolio_fl_label":"","portfolio_exposure_label":"","portfolio_brackets_label":"","portfolio_processed_label":"","portfolio_etc_label":"","page_title_status":"hide","fb_com":"","headerbg_opacity":"0","footerbg_type":"color","footerbg_color":"","footerbg_image":"","footerbg_type_image_option":"repeat","footerbg_opacity":"0","tmm_google_fonts":"","_wpwoxcustomscriptcontenttop":"","_wpwoxcustomscriptcontentbottom":"","_wpwoxcustomscriptcontentinhead":"","_wpwoxcustomscriptcontentinfooter":"","_yoast_wpseo_focuskw_text_input":"","_yoast_wpseo_focuskw":"","_yoast_wpseo_metadesc":"","_yoast_wpseo_linkdex":"","_oembed_f2fbcdb699bbb0df141d301c329d6922":"","_oembed_time_f2fbcdb699bbb0df141d301c329d6922":"","classic-editor-remember":"","_wpml_media_duplicate":"","_wpml_media_featured":"","_vp_words_count":"150","_yoast_wpseo_estimated-reading-time-minutes":"","_yoast_wpseo_title":"","_yoast_wpseo_content_score":"90","_wpml_word_count":"","_wpml_location_migration_done":"","rmp_vote_count":"","rmp_rating_val_sum":"","rmp_avg_rating":"","yasr_schema_additional_fields":"","_yoast_wpseo_wordproof_timestamp":"","_uag_page_assets":"","_uag_css_file_name":"uag-css-1502.css","_thumbnail_id":"1867","_kksr_count_default":"","_kksr_ratings_default":"","_kksr_avg_default":"","_kksr_fingerprint_default":"","_kksr_casts":"","_kksr_ratings":"","_kksr_ref":"","_kksr_avg":"","slide_template":"default","_alp_processed":"","_last_translation_edit_mode":"native-editor","_oembed_d7d0006fbcbd7909221f738988a6bc6a":"","_vp_format_video_url":"","_vp_image_focal_point":"","_links_to":"","_links_to_target":"","_oembed_32e302dc0c0fb9862658212a93f87ef5":"","_aioseo_title":"","_aioseo_description":"","_aioseo_keywords":"","_aioseo_og_title":"","_aioseo_og_description":"","_aioseo_og_article_section":"","_aioseo_og_article_tags":"","_aioseo_twitter_title":"","_aioseo_twitter_description":"","_yoast_wpseo_meta-robots-noindex":"","_vp_views_count":"","_links":{"self":[{"href":"https:\/\/hostessa.pl\/en\/wp-json\/wp\/v2\/pages\/1502","targetHints":{"allow":["GET"]}}],"collection":[{"href":"https:\/\/hostessa.pl\/en\/wp-json\/wp\/v2\/pages"}],"about":[{"href":"https:\/\/hostessa.pl\/en\/wp-json\/wp\/v2\/types\/page"}],"author":[{"embeddable":true,"href":"https:\/\/hostessa.pl\/en\/wp-json\/wp\/v2\/users\/1"}],"replies":[{"embeddable":true,"href":"https:\/\/hostessa.pl\/en\/wp-json\/wp\/v2\/comments?post=1502"}],"version-history":[{"count":0,"href":"https:\/\/hostessa.pl\/en\/wp-json\/wp\/v2\/pages\/1502\/revisions"}],"wp:featuredmedia":[{"embeddable":true,"href":"https:\/\/hostessa.pl\/en\/wp-json\/wp\/v2\/media\/1867"}],"wp:attachment":[{"href":"https:\/\/hostessa.pl\/en\/wp-json\/wp\/v2\/media?parent=1502"}],"curies":[{"name":"wp","href":"https:\/\/api.w.org\/{rel}","templated":true}]}}