{"id":13616,"date":"2021-05-19T14:12:19","date_gmt":"2021-05-19T12:12:19","guid":{"rendered":"https:\/\/hostessa.pl\/?page_id=13616"},"modified":"2021-06-22T20:30:13","modified_gmt":"2021-06-22T18:30:13","slug":"casting-en","status":"publish","type":"page","link":"https:\/\/hostessa.pl\/en\/casting-en\/","title":{"rendered":"Casting"},"content":{"rendered":"\n<p class=\"has-text-align-left\"><span style=\"color: #808080;\"><strong>DNA &#8211; hostess agency<\/strong> conducts continuous recruitment of hostesses, hosts, female and male models, as well as coordinators (SV).<\/span> If you want to join our team please register at: <a href=\"https:\/\/www.pracadna.pl\/rejestracja.html\" target=\"_blank\" rel=\"noopener noreferrer\"><strong>www.pracaDNA.pl<\/strong><\/a><\/p>\n\n\n\n<p class=\"has-text-align-left\">By registering on the pracaDNA, you hereby agree to start cooperation, the service is free of charge and takes only a few minutes. In return, you will receive access to the latest job offers &#8211; tailored to your skills, interests, and preferences.<\/p>\n\n\n\n<p class=\"has-text-align-left\">We encourage you to fill out the form carefully and attach at least a few photos &#8211; a comprehensive profile increases the chance for better matching your profile with an offer. Please visit our website already today! The basic condition for starting cooperation is to be over 16 years of age and have a valid ID card in the case of learners.<\/p>\n\n\n\n<p class=\"has-text-align-left\">Should you have any questions, please do not hesitate to contact our consultants who will allay your doubts and provide all the details of the cooperation.<\/p>\n\n\n\n<p>If you have questions write us an email:<br><strong><a href=\"mailto:hostessy@dna.com.pl\">hostessy@dna.com.pl<\/a><\/strong><\/p>\n","protected":false},"excerpt":{"rendered":"<p>DNA &#8211; hostess agency conducts continuous recruitment of hostesses, hosts, female and male models, as well as coordinators (SV). If you want to join our team please register at: www.pracaDNA.pl By registering on the pracaDNA, you hereby agree to start cooperation, the service is free of charge and takes only a few minutes. In return, you will receive access to the latest job offers &#8211; tailored to your skills, interests, and preferences. We encourage you to fill out the form carefully and attach at least a few photos &#8211; a comprehensive profile increases the chance for better matching your profile with an offer. Please visit our website already today! The [&hellip;]<\/p>\n","protected":false},"author":1,"featured_media":14461,"parent":0,"menu_order":0,"comment_status":"closed","ping_status":"closed","template":"page_sidebar.php","meta":{"_uag_custom_page_level_css":"","yasr_overall_rating":0,"yasr_post_is_review":"","yasr_auto_insert_disabled":"","yasr_review_type":"","_vp_format_video_url":"","_vp_image_focal_point":[],"footnotes":"","_links_to":"","_links_to_target":""},"class_list":["post-13616","page","type-page","status-publish","has-post-thumbnail","hentry"],"yoast_head":"<!-- This site is optimized with the Yoast SEO plugin v27.3 - https:\/\/yoast.com\/product\/yoast-seo-wordpress\/ -->\n<title>Casting - Agencja Hostess DNA - Hostessy wynajem, ca\u0142a Polska, Warszawa<\/title>\n<meta name=\"robots\" content=\"index, follow, max-snippet:-1, max-image-preview:large, max-video-preview:-1\" \/>\n<link rel=\"canonical\" href=\"https:\/\/hostessa.pl\/en\/casting-en\/\" \/>\n<meta property=\"og:locale\" content=\"en_US\" \/>\n<meta property=\"og:type\" content=\"article\" \/>\n<meta property=\"og:title\" content=\"Casting - Agencja Hostess DNA - Hostessy wynajem, ca\u0142a Polska, Warszawa\" \/>\n<meta property=\"og:description\" content=\"DNA &#8211; hostess agency conducts continuous recruitment of hostesses, hosts, female and male models, as well as coordinators (SV). If you want to join our team please register at: www.pracaDNA.pl By registering on the pracaDNA, you hereby agree to start cooperation, the service is free of charge and takes only a few minutes. In return, you will receive access to the latest job offers &#8211; tailored to your skills, interests, and preferences. We encourage you to fill out the form carefully and attach at least a few photos &#8211; a comprehensive profile increases the chance for better matching your profile with an offer. Please visit our website already today! The [&hellip;]\" \/>\n<meta property=\"og:url\" content=\"https:\/\/hostessa.pl\/en\/casting-en\/\" \/>\n<meta property=\"og:site_name\" content=\"Agencja Hostess DNA - Hostessy wynajem, ca\u0142a Polska, Warszawa\" \/>\n<meta property=\"article:publisher\" content=\"https:\/\/www.facebook.com\/DNA.agencja\" \/>\n<meta property=\"article:modified_time\" content=\"2021-06-22T18:30:13+00:00\" \/>\n<meta property=\"og:image\" content=\"https:\/\/hostessa.pl\/wp-content\/uploads\/2015\/10\/pracadna1.jpg\" \/>\n\t<meta property=\"og:image:width\" content=\"1200\" \/>\n\t<meta property=\"og:image:height\" content=\"800\" \/>\n\t<meta property=\"og:image:type\" content=\"image\/jpeg\" \/>\n<meta name=\"twitter:card\" content=\"summary_large_image\" \/>\n<meta name=\"twitter:label1\" content=\"Est. reading time\" \/>\n\t<meta name=\"twitter:data1\" content=\"1 minute\" \/>\n<script type=\"application\/ld+json\" class=\"yoast-schema-graph\">{\"@context\":\"https:\\\/\\\/schema.org\",\"@graph\":[{\"@type\":\"WebPage\",\"@id\":\"https:\\\/\\\/hostessa.pl\\\/en\\\/casting-en\\\/\",\"url\":\"https:\\\/\\\/hostessa.pl\\\/en\\\/casting-en\\\/\",\"name\":\"Casting - Agencja Hostess DNA - Hostessy wynajem, ca\u0142a Polska, Warszawa\",\"isPartOf\":{\"@id\":\"https:\\\/\\\/hostessa.pl\\\/#website\"},\"primaryImageOfPage\":{\"@id\":\"https:\\\/\\\/hostessa.pl\\\/en\\\/casting-en\\\/#primaryimage\"},\"image\":{\"@id\":\"https:\\\/\\\/hostessa.pl\\\/en\\\/casting-en\\\/#primaryimage\"},\"thumbnailUrl\":\"https:\\\/\\\/hostessa.pl\\\/wp-content\\\/uploads\\\/2015\\\/10\\\/pracadna1.jpg\",\"datePublished\":\"2021-05-19T12:12:19+00:00\",\"dateModified\":\"2021-06-22T18:30:13+00:00\",\"breadcrumb\":{\"@id\":\"https:\\\/\\\/hostessa.pl\\\/en\\\/casting-en\\\/#breadcrumb\"},\"inLanguage\":\"en-US\",\"potentialAction\":[{\"@type\":\"ReadAction\",\"target\":[\"https:\\\/\\\/hostessa.pl\\\/en\\\/casting-en\\\/\"]}]},{\"@type\":\"ImageObject\",\"inLanguage\":\"en-US\",\"@id\":\"https:\\\/\\\/hostessa.pl\\\/en\\\/casting-en\\\/#primaryimage\",\"url\":\"https:\\\/\\\/hostessa.pl\\\/wp-content\\\/uploads\\\/2015\\\/10\\\/pracadna1.jpg\",\"contentUrl\":\"https:\\\/\\\/hostessa.pl\\\/wp-content\\\/uploads\\\/2015\\\/10\\\/pracadna1.jpg\",\"width\":1200,\"height\":800},{\"@type\":\"BreadcrumbList\",\"@id\":\"https:\\\/\\\/hostessa.pl\\\/en\\\/casting-en\\\/#breadcrumb\",\"itemListElement\":[{\"@type\":\"ListItem\",\"position\":1,\"name\":\"Home\",\"item\":\"https:\\\/\\\/hostessa.pl\\\/en\\\/\"},{\"@type\":\"ListItem\",\"position\":2,\"name\":\"Casting\"}]},{\"@type\":\"WebSite\",\"@id\":\"https:\\\/\\\/hostessa.pl\\\/#website\",\"url\":\"https:\\\/\\\/hostessa.pl\\\/\",\"name\":\"Agencja Hostess DNA - Hostessy wynajem, ca\u0142a Polska, Warszawa\",\"description\":\"Hostessy, ho\u015bci, promotorki i animatorki na targi, konferencje, eventy i promocje - ca\u0142y kraj - Warszawa, Katowice, Pozna\u0144, Wroc\u0142aw, Krak\u00f3w, Gda\u0144sk\",\"potentialAction\":[{\"@type\":\"SearchAction\",\"target\":{\"@type\":\"EntryPoint\",\"urlTemplate\":\"https:\\\/\\\/hostessa.pl\\\/?s={search_term_string}\"},\"query-input\":{\"@type\":\"PropertyValueSpecification\",\"valueRequired\":true,\"valueName\":\"search_term_string\"}}],\"inLanguage\":\"en-US\"},false]}<\/script>\n<!-- \/ Yoast SEO plugin. -->","yoast_head_json":{"title":"Casting - Agencja Hostess DNA - Hostessy wynajem, ca\u0142a Polska, Warszawa","robots":{"index":"index","follow":"follow","max-snippet":"max-snippet:-1","max-image-preview":"max-image-preview:large","max-video-preview":"max-video-preview:-1"},"canonical":"https:\/\/hostessa.pl\/en\/casting-en\/","og_locale":"en_US","og_type":"article","og_title":"Casting - Agencja Hostess DNA - Hostessy wynajem, ca\u0142a Polska, Warszawa","og_description":"DNA &#8211; hostess agency conducts continuous recruitment of hostesses, hosts, female and male models, as well as coordinators (SV). If you want to join our team please register at: www.pracaDNA.pl By registering on the pracaDNA, you hereby agree to start cooperation, the service is free of charge and takes only a few minutes. In return, you will receive access to the latest job offers &#8211; tailored to your skills, interests, and preferences. We encourage you to fill out the form carefully and attach at least a few photos &#8211; a comprehensive profile increases the chance for better matching your profile with an offer. Please visit our website already today! The [&hellip;]","og_url":"https:\/\/hostessa.pl\/en\/casting-en\/","og_site_name":"Agencja Hostess DNA - Hostessy wynajem, ca\u0142a Polska, Warszawa","article_publisher":"https:\/\/www.facebook.com\/DNA.agencja","article_modified_time":"2021-06-22T18:30:13+00:00","og_image":[{"width":1200,"height":800,"url":"https:\/\/hostessa.pl\/wp-content\/uploads\/2015\/10\/pracadna1.jpg","type":"image\/jpeg"}],"twitter_card":"summary_large_image","twitter_misc":{"Est. reading time":"1 minute"},"schema":{"@context":"https:\/\/schema.org","@graph":[{"@type":"WebPage","@id":"https:\/\/hostessa.pl\/en\/casting-en\/","url":"https:\/\/hostessa.pl\/en\/casting-en\/","name":"Casting - Agencja Hostess DNA - Hostessy wynajem, ca\u0142a Polska, Warszawa","isPartOf":{"@id":"https:\/\/hostessa.pl\/#website"},"primaryImageOfPage":{"@id":"https:\/\/hostessa.pl\/en\/casting-en\/#primaryimage"},"image":{"@id":"https:\/\/hostessa.pl\/en\/casting-en\/#primaryimage"},"thumbnailUrl":"https:\/\/hostessa.pl\/wp-content\/uploads\/2015\/10\/pracadna1.jpg","datePublished":"2021-05-19T12:12:19+00:00","dateModified":"2021-06-22T18:30:13+00:00","breadcrumb":{"@id":"https:\/\/hostessa.pl\/en\/casting-en\/#breadcrumb"},"inLanguage":"en-US","potentialAction":[{"@type":"ReadAction","target":["https:\/\/hostessa.pl\/en\/casting-en\/"]}]},{"@type":"ImageObject","inLanguage":"en-US","@id":"https:\/\/hostessa.pl\/en\/casting-en\/#primaryimage","url":"https:\/\/hostessa.pl\/wp-content\/uploads\/2015\/10\/pracadna1.jpg","contentUrl":"https:\/\/hostessa.pl\/wp-content\/uploads\/2015\/10\/pracadna1.jpg","width":1200,"height":800},{"@type":"BreadcrumbList","@id":"https:\/\/hostessa.pl\/en\/casting-en\/#breadcrumb","itemListElement":[{"@type":"ListItem","position":1,"name":"Home","item":"https:\/\/hostessa.pl\/en\/"},{"@type":"ListItem","position":2,"name":"Casting"}]},{"@type":"WebSite","@id":"https:\/\/hostessa.pl\/#website","url":"https:\/\/hostessa.pl\/","name":"Agencja Hostess DNA - Hostessy wynajem, ca\u0142a Polska, Warszawa","description":"Hostessy, ho\u015bci, promotorki i animatorki na targi, konferencje, eventy i promocje - ca\u0142y kraj - Warszawa, Katowice, Pozna\u0144, Wroc\u0142aw, Krak\u00f3w, Gda\u0144sk","potentialAction":[{"@type":"SearchAction","target":{"@type":"EntryPoint","urlTemplate":"https:\/\/hostessa.pl\/?s={search_term_string}"},"query-input":{"@type":"PropertyValueSpecification","valueRequired":true,"valueName":"search_term_string"}}],"inLanguage":"en-US"},false]}},"yasr_visitor_votes":{"stars_attributes":{"read_only":false,"span_bottom":false},"number_of_votes":0,"sum_votes":0},"uagb_featured_image_src":{"full":["https:\/\/hostessa.pl\/wp-content\/uploads\/2015\/10\/pracadna1.jpg",1200,800,false],"thumbnail":["https:\/\/hostessa.pl\/wp-content\/uploads\/2015\/10\/pracadna1-150x100.jpg",150,100,true],"medium":["https:\/\/hostessa.pl\/wp-content\/uploads\/2015\/10\/pracadna1-300x200.jpg",300,200,true],"medium_large":["https:\/\/hostessa.pl\/wp-content\/uploads\/2015\/10\/pracadna1.jpg",768,512,false],"large":["https:\/\/hostessa.pl\/wp-content\/uploads\/2015\/10\/pracadna1-1024x683.jpg",1024,683,true],"1536x1536":["https:\/\/hostessa.pl\/wp-content\/uploads\/2015\/10\/pracadna1.jpg",1200,800,false],"2048x2048":["https:\/\/hostessa.pl\/wp-content\/uploads\/2015\/10\/pracadna1.jpg",1200,800,false],"vp_sm":["https:\/\/hostessa.pl\/wp-content\/uploads\/2015\/10\/pracadna1.jpg",500,333,false],"vp_md":["https:\/\/hostessa.pl\/wp-content\/uploads\/2015\/10\/pracadna1.jpg",800,533,false],"vp_lg":["https:\/\/hostessa.pl\/wp-content\/uploads\/2015\/10\/pracadna1.jpg",1200,800,false],"vp_xl":["https:\/\/hostessa.pl\/wp-content\/uploads\/2015\/10\/pracadna1.jpg",1200,800,false],"vp_sm_popup":["https:\/\/hostessa.pl\/wp-content\/uploads\/2015\/10\/pracadna1.jpg",500,333,false],"vp_md_popup":["https:\/\/hostessa.pl\/wp-content\/uploads\/2015\/10\/pracadna1.jpg",800,533,false],"vp_xl_popup":["https:\/\/hostessa.pl\/wp-content\/uploads\/2015\/10\/pracadna1.jpg",1200,800,false]},"uagb_author_info":{"display_name":"marketing@dna.com.pl","author_link":"https:\/\/hostessa.pl\/en\/author\/marketingdna-com-pl\/"},"uagb_comment_info":0,"uagb_excerpt":"DNA &#8211; hostess agency conducts continuous recruitment of hostesses, hosts, female and male models, as well as coordinators (SV). If you want to join our team please register at: www.pracaDNA.pl By registering on the pracaDNA, you hereby agree to start cooperation, the service is free of charge and takes only a few minutes. In return,&hellip;","_wp_page_template":"page_sidebar.php","_edit_lock":"1624386615:3","_edit_last":"3","slides_group":"","page_slider":"","layerslider_slide_group":"","cuteslider_slide_group":"","page_slider_type":"none","thememakers_layout_constructor":[],"thememakers_layout_constructor_row":[],"thememakers_gallery":"","layout":"","facebook":"","twitter":"","linkedin":"","dribble":"","portfolio_date":"","portfolio_clients":"","portfolio_tools":"","thememakers_portfolio":"","meta_title":"","meta_keywords":"","meta_description":"","post_pod_type":"","post_type_values":"","pagebg_type":"color","pagebg_color":"","pagebg_image":"","pagebg_type_image_option":"repeat","page_sidebar_position":"sbr","headerbg_type":"color","headerbg_color":"","headerbg_image":"","headerbg_type_image_option":"repeat","tmm_portfolio":"","portfolio_camera":"","portfolio_lens":"","portfolio_tripod_or_handheld":"","portfolio_fl":"","portfolio_exposure":"","portfolio_brackets":"","portfolio_processed":"","portfolio_etc":"","vimeo":"","youtube":"","pinterest":"","instagram":"","flickr":"","gplus":"","behance":"","rss":"","portfolio_camera_label":"","portfolio_lens_label":"","portfolio_tripod_or_handheld_label":"","portfolio_fl_label":"","portfolio_exposure_label":"","portfolio_brackets_label":"","portfolio_processed_label":"","portfolio_etc_label":"","page_title_status":"show","fb_com":"","headerbg_opacity":"50","footerbg_type":"color","footerbg_color":"","footerbg_image":"","footerbg_type_image_option":"repeat","footerbg_opacity":"0","tmm_google_fonts":"","_wpwoxcustomscriptcontenttop":"","_wpwoxcustomscriptcontentbottom":"","_wpwoxcustomscriptcontentinhead":"","_wpwoxcustomscriptcontentinfooter":"","_yoast_wpseo_focuskw_text_input":"","_yoast_wpseo_focuskw":"","_yoast_wpseo_metadesc":"","_yoast_wpseo_linkdex":"","_oembed_f2fbcdb699bbb0df141d301c329d6922":"","_oembed_time_f2fbcdb699bbb0df141d301c329d6922":"","classic-editor-remember":"classic-editor","_wpml_media_duplicate":"1","_wpml_media_featured":"1","_vp_words_count":"168","_yoast_wpseo_estimated-reading-time-minutes":"","_yoast_wpseo_title":"","_yoast_wpseo_content_score":"","_wpml_word_count":"","_wpml_location_migration_done":"","rmp_vote_count":"","rmp_rating_val_sum":"","rmp_avg_rating":"","yasr_schema_additional_fields":"","_yoast_wpseo_wordproof_timestamp":"","_uag_page_assets":{"css":".uag-blocks-common-selector{z-index:var(--z-index-desktop) !important}@media (max-width: 976px){.uag-blocks-common-selector{z-index:var(--z-index-tablet) !important}}@media (max-width: 767px){.uag-blocks-common-selector{z-index:var(--z-index-mobile) !important}}\n","js":"","current_block_list":["core\/paragraph"],"uag_flag":false,"uag_version":"1775658488","gfonts":[],"gfonts_url":"","gfonts_files":[],"uag_faq_layout":false},"_uag_css_file_name":"uag-css-13616.css","_thumbnail_id":"14461","_kksr_count_default":"","_kksr_ratings_default":"","_kksr_avg_default":"","_kksr_fingerprint_default":"","_kksr_casts":"","_kksr_ratings":"","_kksr_ref":"","_kksr_avg":"","slide_template":"","_alp_processed":"","_last_translation_edit_mode":"native-editor","_oembed_d7d0006fbcbd7909221f738988a6bc6a":"","_vp_format_video_url":"","_vp_image_focal_point":"","_links_to":"","_links_to_target":"","_oembed_32e302dc0c0fb9862658212a93f87ef5":"","_aioseo_title":"","_aioseo_description":"","_aioseo_keywords":"","_aioseo_og_title":"","_aioseo_og_description":"","_aioseo_og_article_section":"","_aioseo_og_article_tags":"","_aioseo_twitter_title":"","_aioseo_twitter_description":"","_yoast_wpseo_meta-robots-noindex":"","_vp_views_count":"","_links":{"self":[{"href":"https:\/\/hostessa.pl\/en\/wp-json\/wp\/v2\/pages\/13616","targetHints":{"allow":["GET"]}}],"collection":[{"href":"https:\/\/hostessa.pl\/en\/wp-json\/wp\/v2\/pages"}],"about":[{"href":"https:\/\/hostessa.pl\/en\/wp-json\/wp\/v2\/types\/page"}],"author":[{"embeddable":true,"href":"https:\/\/hostessa.pl\/en\/wp-json\/wp\/v2\/users\/1"}],"replies":[{"embeddable":true,"href":"https:\/\/hostessa.pl\/en\/wp-json\/wp\/v2\/comments?post=13616"}],"version-history":[{"count":0,"href":"https:\/\/hostessa.pl\/en\/wp-json\/wp\/v2\/pages\/13616\/revisions"}],"wp:featuredmedia":[{"embeddable":true,"href":"https:\/\/hostessa.pl\/en\/wp-json\/wp\/v2\/media\/14461"}],"wp:attachment":[{"href":"https:\/\/hostessa.pl\/en\/wp-json\/wp\/v2\/media?parent=13616"}],"curies":[{"name":"wp","href":"https:\/\/api.w.org\/{rel}","templated":true}]}}