{"id":13578,"date":"2021-05-17T14:16:00","date_gmt":"2021-05-17T12:16:00","guid":{"rendered":"https:\/\/hostessa.pl\/?page_id=13578"},"modified":"2025-11-04T15:24:13","modified_gmt":"2025-11-04T14:24:13","slug":"contact","status":"publish","type":"page","link":"https:\/\/hostessa.pl\/en\/contact\/","title":{"rendered":"Contact"},"content":{"rendered":"\n<section class=\"wp-block-uagb-columns uagb-columns__wrap uagb-columns__background-none uagb-columns__stack-tablet uagb-columns__valign- uagb-columns__gap-5 alignfull uagb-block-77fe0817 uagb-columns__columns-2 uagb-columns__max_width-theme\"><div class=\"uagb-columns__overlay\"><\/div><div class=\"uagb-columns__inner-wrap uagb-columns__columns-2\">\n<div class=\"wp-block-uagb-column uagb-column__wrap uagb-column__background-color uagb-block-5c15eb5d\"><div class=\"uagb-column__overlay\"><\/div>\n<h1 class=\"wp-block-heading has-white-color has-text-color\">CONTACT <\/h1>\n\n\n\n<p class=\"has-white-color has-text-color\">If you are interested in the services we offer, we encourage you to contact us for pricing. We provide services all over Poland.<\/p>\n<\/div>\n\n\n\n<div class=\"wp-block-uagb-column uagb-column__wrap uagb-column__background-image uagb-block-34e2345e uag-hide-tab uag-hide-mob uag-hide-tab uag-hide-mob\"><div class=\"uagb-column__overlay\"><\/div>\n<p><\/p>\n<\/div>\n<\/div><\/section>\n\n\n\n<div class=\"wp-block-getwid-advanced-spacer\" style=\"height:100px\" aria-hidden=\"true\"><\/div>\n\n\n\n<center>\n<p>\n<br>\n<b>DNA! sp. z o.o. <\/b><br>\nul. Adama Id\u017akowskiego 5\/7\/2<br>\n00-442 Warsaw\n<br><br>\n<b>Phone number:<\/b> <span class=\"reveal\" data-content=\"+48 512 338 785\" data-label=\"kontakt_klient_tel_EN\" data-type=\"phone\">click to view<\/span> <br> \n<b>email:<\/b> <span class=\"reveal\" data-content=\"hostessa@dna.com.pl\" data-label=\"kontakt_klient_mail_EN\" data-type=\"email\">click to view<\/span>\n<br><br>\n<\/p>\n<\/center>\n\n\n\n<div class=\"wp-block-button has-custom-font-size is-style-button-purple has-medium-font-size aligncenter\"><a class=\"wp-block-button__link has-white-color has-text-color wp-element-button\" href=\"https:\/\/hostessa.pl\/en\/get_quote\/\">&gt;QUICK QUOTE BY FORM&lt;<\/a><\/div><br><br>\n\n\n\n<p class=\"has-text-align-center\"><\/p>\n\n\n<div class=\"wp-block-image\">\n<figure class=\"aligncenter\"><a href=\"https:\/\/www.neventum.com\/hostesses\/dna\"><img loading=\"lazy\" decoding=\"async\" width=\"150\" height=\"150\" src=\"data:image\/gif;base64,R0lGODlhAQABAAAAACH5BAEKAAEALAAAAAABAAEAAAICTAEAOw==\" alt=\"\" class=\"wp-image-13420 lazyload\" sizes=\"auto, (max-width: 150px) 100vw, 150px\" data-src=\"https:\/\/hostessa.pl\/wp-content\/uploads\/2019\/04\/unnamed-150x150.png\" data-srcset=\"https:\/\/hostessa.pl\/wp-content\/uploads\/2019\/04\/unnamed-150x150.png 150w, https:\/\/hostessa.pl\/wp-content\/uploads\/2019\/04\/unnamed.png 200w\"><\/a><\/figure>\n<\/div>\n\n\n<p class=\"has-text-align-center\"><\/p>\n\n\n\n<p class=\"has-text-align-center\"><em>DNA and Neventum are reliable partners with the services of hostesse in Poland.<br>Neventum is present in more than 140 countries and has almost 12,500 suppliers in the world to provide the service of hostesses, catering and construction of stands.<\/em><\/p>\n\n\n\n<div class=\"wp-block-getwid-advanced-spacer\" style=\"height:100px\" aria-hidden=\"true\"><\/div>\n","protected":false},"excerpt":{"rendered":"<p>CONTACT If you are interested in the services we offer, we encourage you to contact us for pricing. We provide services all over Poland. DNA! sp. z o.o. ul. Adama Id\u017akowskiego 5\/7\/2 00-442 Warsaw Phone number: click to view email: click to view &gt;QUICK QUOTE BY FORM&lt; DNA and Neventum are reliable partners with the services of hostesse in Poland.Neventum is present in more than 140 countries and has almost 12,500 suppliers in the world to provide the service of hostesses, catering and construction of stands.<\/p>\n","protected":false},"author":1,"featured_media":0,"parent":0,"menu_order":0,"comment_status":"closed","ping_status":"closed","template":"","meta":{"_uag_custom_page_level_css":"","yasr_overall_rating":0,"yasr_post_is_review":"","yasr_auto_insert_disabled":"","yasr_review_type":"","_vp_format_video_url":"","_vp_image_focal_point":[],"footnotes":"","_links_to":"","_links_to_target":""},"class_list":["post-13578","page","type-page","status-publish","hentry"],"yoast_head":"<!-- This site is optimized with the Yoast SEO plugin v27.4 - https:\/\/yoast.com\/product\/yoast-seo-wordpress\/ -->\n<title>Contact - Agencja Hostess DNA - Hostessy wynajem, ca\u0142a Polska, Warszawa<\/title>\n<meta name=\"robots\" content=\"index, follow, max-snippet:-1, max-image-preview:large, max-video-preview:-1\" \/>\n<link rel=\"canonical\" href=\"https:\/\/hostessa.pl\/en\/contact\/\" \/>\n<meta property=\"og:locale\" content=\"en_US\" \/>\n<meta property=\"og:type\" content=\"article\" \/>\n<meta property=\"og:title\" content=\"Contact - Agencja Hostess DNA - Hostessy wynajem, ca\u0142a Polska, Warszawa\" \/>\n<meta property=\"og:description\" content=\"CONTACT If you are interested in the services we offer, we encourage you to contact us for pricing. We provide services all over Poland. DNA! sp. z o.o. ul. Adama Id\u017akowskiego 5\/7\/2 00-442 Warsaw Phone number: click to view email: click to view &gt;QUICK QUOTE BY FORM&lt; DNA and Neventum are reliable partners with the services of hostesse in Poland.Neventum is present in more than 140 countries and has almost 12,500 suppliers in the world to provide the service of hostesses, catering and construction of stands.\" \/>\n<meta property=\"og:url\" content=\"https:\/\/hostessa.pl\/en\/contact\/\" \/>\n<meta property=\"og:site_name\" content=\"Agencja Hostess DNA - Hostessy wynajem, ca\u0142a Polska, Warszawa\" \/>\n<meta property=\"article:publisher\" content=\"https:\/\/www.facebook.com\/DNA.agencja\" \/>\n<meta property=\"article:modified_time\" content=\"2025-11-04T14:24:13+00:00\" \/>\n<meta property=\"og:image\" content=\"https:\/\/hostessa.pl\/wp-content\/uploads\/2019\/04\/unnamed.png\" \/>\n\t<meta property=\"og:image:width\" content=\"200\" \/>\n\t<meta property=\"og:image:height\" content=\"200\" \/>\n\t<meta property=\"og:image:type\" content=\"image\/png\" \/>\n<meta name=\"twitter:card\" content=\"summary_large_image\" \/>\n<script type=\"application\/ld+json\" class=\"yoast-schema-graph\">{\"@context\":\"https:\\\/\\\/schema.org\",\"@graph\":[{\"@type\":\"WebPage\",\"@id\":\"https:\\\/\\\/hostessa.pl\\\/en\\\/contact\\\/\",\"url\":\"https:\\\/\\\/hostessa.pl\\\/en\\\/contact\\\/\",\"name\":\"Contact - Agencja Hostess DNA - Hostessy wynajem, ca\u0142a Polska, Warszawa\",\"isPartOf\":{\"@id\":\"https:\\\/\\\/hostessa.pl\\\/#website\"},\"primaryImageOfPage\":{\"@id\":\"https:\\\/\\\/hostessa.pl\\\/en\\\/contact\\\/#primaryimage\"},\"image\":{\"@id\":\"https:\\\/\\\/hostessa.pl\\\/en\\\/contact\\\/#primaryimage\"},\"thumbnailUrl\":\"https:\\\/\\\/hostessa.pl\\\/wp-content\\\/uploads\\\/2019\\\/04\\\/unnamed-150x150.png\",\"datePublished\":\"2021-05-17T12:16:00+00:00\",\"dateModified\":\"2025-11-04T14:24:13+00:00\",\"breadcrumb\":{\"@id\":\"https:\\\/\\\/hostessa.pl\\\/en\\\/contact\\\/#breadcrumb\"},\"inLanguage\":\"en-US\",\"potentialAction\":[{\"@type\":\"ReadAction\",\"target\":[\"https:\\\/\\\/hostessa.pl\\\/en\\\/contact\\\/\"]}]},{\"@type\":\"ImageObject\",\"inLanguage\":\"en-US\",\"@id\":\"https:\\\/\\\/hostessa.pl\\\/en\\\/contact\\\/#primaryimage\",\"url\":\"https:\\\/\\\/hostessa.pl\\\/wp-content\\\/uploads\\\/2019\\\/04\\\/unnamed-150x150.png\",\"contentUrl\":\"https:\\\/\\\/hostessa.pl\\\/wp-content\\\/uploads\\\/2019\\\/04\\\/unnamed-150x150.png\"},{\"@type\":\"BreadcrumbList\",\"@id\":\"https:\\\/\\\/hostessa.pl\\\/en\\\/contact\\\/#breadcrumb\",\"itemListElement\":[{\"@type\":\"ListItem\",\"position\":1,\"name\":\"Home\",\"item\":\"https:\\\/\\\/hostessa.pl\\\/en\\\/\"},{\"@type\":\"ListItem\",\"position\":2,\"name\":\"Contact\"}]},{\"@type\":\"WebSite\",\"@id\":\"https:\\\/\\\/hostessa.pl\\\/#website\",\"url\":\"https:\\\/\\\/hostessa.pl\\\/\",\"name\":\"Agencja Hostess DNA - Hostessy wynajem, ca\u0142a Polska, Warszawa\",\"description\":\"Hostessy, ho\u015bci, promotorki i animatorki na targi, konferencje, eventy i promocje - ca\u0142y kraj - Warszawa, Katowice, Pozna\u0144, Wroc\u0142aw, Krak\u00f3w, Gda\u0144sk\",\"potentialAction\":[{\"@type\":\"SearchAction\",\"target\":{\"@type\":\"EntryPoint\",\"urlTemplate\":\"https:\\\/\\\/hostessa.pl\\\/?s={search_term_string}\"},\"query-input\":{\"@type\":\"PropertyValueSpecification\",\"valueRequired\":true,\"valueName\":\"search_term_string\"}}],\"inLanguage\":\"en-US\"},false]}<\/script>\n<!-- \/ Yoast SEO plugin. -->","yoast_head_json":{"title":"Contact - Agencja Hostess DNA - Hostessy wynajem, ca\u0142a Polska, Warszawa","robots":{"index":"index","follow":"follow","max-snippet":"max-snippet:-1","max-image-preview":"max-image-preview:large","max-video-preview":"max-video-preview:-1"},"canonical":"https:\/\/hostessa.pl\/en\/contact\/","og_locale":"en_US","og_type":"article","og_title":"Contact - Agencja Hostess DNA - Hostessy wynajem, ca\u0142a Polska, Warszawa","og_description":"CONTACT If you are interested in the services we offer, we encourage you to contact us for pricing. We provide services all over Poland. DNA! sp. z o.o. ul. Adama Id\u017akowskiego 5\/7\/2 00-442 Warsaw Phone number: click to view email: click to view &gt;QUICK QUOTE BY FORM&lt; DNA and Neventum are reliable partners with the services of hostesse in Poland.Neventum is present in more than 140 countries and has almost 12,500 suppliers in the world to provide the service of hostesses, catering and construction of stands.","og_url":"https:\/\/hostessa.pl\/en\/contact\/","og_site_name":"Agencja Hostess DNA - Hostessy wynajem, ca\u0142a Polska, Warszawa","article_publisher":"https:\/\/www.facebook.com\/DNA.agencja","article_modified_time":"2025-11-04T14:24:13+00:00","og_image":[{"width":200,"height":200,"url":"https:\/\/hostessa.pl\/wp-content\/uploads\/2019\/04\/unnamed.png","type":"image\/png"}],"twitter_card":"summary_large_image","schema":{"@context":"https:\/\/schema.org","@graph":[{"@type":"WebPage","@id":"https:\/\/hostessa.pl\/en\/contact\/","url":"https:\/\/hostessa.pl\/en\/contact\/","name":"Contact - Agencja Hostess DNA - Hostessy wynajem, ca\u0142a Polska, Warszawa","isPartOf":{"@id":"https:\/\/hostessa.pl\/#website"},"primaryImageOfPage":{"@id":"https:\/\/hostessa.pl\/en\/contact\/#primaryimage"},"image":{"@id":"https:\/\/hostessa.pl\/en\/contact\/#primaryimage"},"thumbnailUrl":"https:\/\/hostessa.pl\/wp-content\/uploads\/2019\/04\/unnamed-150x150.png","datePublished":"2021-05-17T12:16:00+00:00","dateModified":"2025-11-04T14:24:13+00:00","breadcrumb":{"@id":"https:\/\/hostessa.pl\/en\/contact\/#breadcrumb"},"inLanguage":"en-US","potentialAction":[{"@type":"ReadAction","target":["https:\/\/hostessa.pl\/en\/contact\/"]}]},{"@type":"ImageObject","inLanguage":"en-US","@id":"https:\/\/hostessa.pl\/en\/contact\/#primaryimage","url":"https:\/\/hostessa.pl\/wp-content\/uploads\/2019\/04\/unnamed-150x150.png","contentUrl":"https:\/\/hostessa.pl\/wp-content\/uploads\/2019\/04\/unnamed-150x150.png"},{"@type":"BreadcrumbList","@id":"https:\/\/hostessa.pl\/en\/contact\/#breadcrumb","itemListElement":[{"@type":"ListItem","position":1,"name":"Home","item":"https:\/\/hostessa.pl\/en\/"},{"@type":"ListItem","position":2,"name":"Contact"}]},{"@type":"WebSite","@id":"https:\/\/hostessa.pl\/#website","url":"https:\/\/hostessa.pl\/","name":"Agencja Hostess DNA - Hostessy wynajem, ca\u0142a Polska, Warszawa","description":"Hostessy, ho\u015bci, promotorki i animatorki na targi, konferencje, eventy i promocje - ca\u0142y kraj - Warszawa, Katowice, Pozna\u0144, Wroc\u0142aw, Krak\u00f3w, Gda\u0144sk","potentialAction":[{"@type":"SearchAction","target":{"@type":"EntryPoint","urlTemplate":"https:\/\/hostessa.pl\/?s={search_term_string}"},"query-input":{"@type":"PropertyValueSpecification","valueRequired":true,"valueName":"search_term_string"}}],"inLanguage":"en-US"},false]}},"yasr_visitor_votes":{"stars_attributes":{"read_only":false,"span_bottom":false},"number_of_votes":0,"sum_votes":0},"uagb_featured_image_src":{"full":false,"thumbnail":false,"medium":false,"medium_large":false,"large":false,"1536x1536":false,"2048x2048":false,"vp_sm":false,"vp_md":false,"vp_lg":false,"vp_xl":false,"vp_sm_popup":false,"vp_md_popup":false,"vp_xl_popup":false},"uagb_author_info":{"display_name":"marketing@dna.com.pl","author_link":"https:\/\/hostessa.pl\/en\/author\/marketingdna-com-pl\/"},"uagb_comment_info":0,"uagb_excerpt":"CONTACT If you are interested in the services we offer, we encourage you to contact us for pricing. We provide services all over Poland. DNA! sp. z o.o. ul. Adama Id\u017akowskiego 5\/7\/2 00-442 Warsaw Phone number: click to view email: click to view &gt;QUICK QUOTE BY FORM&lt; DNA and Neventum are reliable partners with the&hellip;","_wp_page_template":"default","_edit_lock":"1762268246:1","_edit_last":"1","slides_group":"","page_slider":"","layerslider_slide_group":"","cuteslider_slide_group":"","page_slider_type":"none","thememakers_layout_constructor":[],"thememakers_layout_constructor_row":[],"thememakers_gallery":"","layout":"","facebook":"","twitter":"","linkedin":"","dribble":"","portfolio_date":"","portfolio_clients":"","portfolio_tools":"","thememakers_portfolio":"","meta_title":"","meta_keywords":"","meta_description":"","post_pod_type":"","post_type_values":"","pagebg_type":"color","pagebg_color":"","pagebg_image":"","pagebg_type_image_option":"repeat","page_sidebar_position":"sbr","headerbg_type":"color","headerbg_color":"","headerbg_image":"","headerbg_type_image_option":"repeat","tmm_portfolio":"","portfolio_camera":"","portfolio_lens":"","portfolio_tripod_or_handheld":"","portfolio_fl":"","portfolio_exposure":"","portfolio_brackets":"","portfolio_processed":"","portfolio_etc":"","vimeo":"","youtube":"","pinterest":"","instagram":"","flickr":"","gplus":"","behance":"","rss":"","portfolio_camera_label":"","portfolio_lens_label":"","portfolio_tripod_or_handheld_label":"","portfolio_fl_label":"","portfolio_exposure_label":"","portfolio_brackets_label":"","portfolio_processed_label":"","portfolio_etc_label":"","page_title_status":"show","fb_com":"","headerbg_opacity":"50","footerbg_type":"color","footerbg_color":"","footerbg_image":"","footerbg_type_image_option":"repeat","footerbg_opacity":"0","tmm_google_fonts":"","_wpwoxcustomscriptcontenttop":"","_wpwoxcustomscriptcontentbottom":"","_wpwoxcustomscriptcontentinhead":"","_wpwoxcustomscriptcontentinfooter":"","_yoast_wpseo_focuskw_text_input":"","_yoast_wpseo_focuskw":"","_yoast_wpseo_metadesc":"","_yoast_wpseo_linkdex":"","_oembed_f2fbcdb699bbb0df141d301c329d6922":"","_oembed_time_f2fbcdb699bbb0df141d301c329d6922":"","classic-editor-remember":"classic-editor","_wpml_media_duplicate":"1","_wpml_media_featured":"1","_vp_words_count":"86","_yoast_wpseo_estimated-reading-time-minutes":"","_yoast_wpseo_title":"","_yoast_wpseo_content_score":"90","_wpml_word_count":"44","_wpml_location_migration_done":"1","rmp_vote_count":"","rmp_rating_val_sum":"","rmp_avg_rating":"","yasr_schema_additional_fields":{"yasr_schema_title":""},"_yoast_wpseo_wordproof_timestamp":"","_uag_page_assets":{"css":"[class*=\"uagb-columns__columns-\"],.uagb-columns__inner-wrap{position:relative;margin-left:auto;margin-right:auto;z-index:2;display:flex;flex-wrap:nowrap;width:100%}.uagb-columns__wrap{position:relative;margin-left:auto;margin-right:auto}.uagb-columns__wrap .uagb-columns__overlay,.uagb-columns__wrap .uagb-columns__video-wrap{height:100%;width:100%;top:0;left:0;position:absolute}.uagb-columns__wrap .uagb-columns__video-wrap{overflow:hidden;z-index:0;-webkit-transition:opacity 1s;-o-transition:opacity 1s;transition:opacity 1s}.uagb-columns__wrap .uagb-columns__video-wrap video{max-width:100%;width:100%;height:100%;margin:0;line-height:1;border:none;display:inline-block;vertical-align:baseline;-o-object-fit:cover;object-fit:cover;background-size:cover}.uagb-columns__wrap .uagb-columns__shape{overflow:hidden;position:absolute;left:0;width:100%;line-height:0;direction:ltr;z-index:1}.uagb-columns__wrap .uagb-columns__shape-top{top:-3px}.uagb-columns__wrap .uagb-columns__shape-bottom{bottom:-3px}.uagb-columns__wrap .uagb-columns__shape[data-negative=\"false\"].uagb-columns__shape-bottom,.uagb-columns__wrap .uagb-columns__shape[data-negative=\"true\"].uagb-columns__shape-top{-webkit-transform:rotate(180deg);-ms-transform:rotate(180deg);transform:rotate(180deg)}.uagb-columns__wrap .uagb-columns__shape.uagb-columns__shape-flip svg{transform:translateX(-50%) rotateY(180deg)}.uagb-columns__wrap .uagb-columns__shape svg{display:block;width:-webkit-calc(100% + 1.3px);width:calc(100% + 1.3px);position:relative;left:50%;-webkit-transform:translateX(-50%);-ms-transform:translateX(-50%);transform:translateX(-50%)}.uagb-columns__wrap .uagb-columns__shape .uagb-columns__shape-fill{fill:#333;-webkit-transform-origin:center;-ms-transform-origin:center;transform-origin:center;-webkit-transform:rotateY(0deg);transform:rotateY(0deg)}.uagb-columns__wrap .uagb-columns__shape.uagb-columns__shape-above-content{z-index:9;pointer-events:none}.uagb-columns__valign-center .uagb-column__wrap,.uagb-columns__valign-middle .uagb-column__wrap{display:flex;flex-direction:column;justify-content:center}.uagb-columns__valign-top .uagb-column__wrap{-webkit-box-align:flex-start;-webkit-align-items:flex-start;-ms-flex-align:flex-start;align-items:flex-start}.uagb-columns__valign-bottom .uagb-column__wrap{display:flex;flex-direction:column;justify-content:flex-end}.uagb-columns__columns-1>.uagb-column__wrap{width:100%}.uagb-columns__columns-2>.uagb-column__wrap{width:50%}.uagb-columns__columns-3>.uagb-column__wrap{width:33.33%}.uagb-columns__columns-4>.uagb-column__wrap{width:25%}.uagb-columns__columns-5>.uagb-column__wrap{width:20%}.uagb-columns__columns-6>.uagb-column__wrap{width:16.66%}.uagb-columns__gap-nogap>.uagb-columns__inner-wrap>.wp-block[data-type=\"uagb\/column\"]{padding:0}.uagb-columns__gap-default>.uagb-columns__inner-wrap>.wp-block[data-type=\"uagb\/column\"]{padding:10px}.uagb-columns__gap-narrow>.uagb-columns__inner-wrap>.wp-block[data-type=\"uagb\/column\"]{padding:5px}.uagb-columns__gap-extended>.uagb-columns__inner-wrap>.wp-block[data-type=\"uagb\/column\"]{padding:15px}.uagb-columns__gap-wide>.uagb-columns__inner-wrap>.wp-block[data-type=\"uagb\/column\"]{padding:20px}.uagb-columns__gap-wider>.uagb-columns__inner-wrap>.wp-block[data-type=\"uagb\/column\"]{padding:30px}@media (max-width: 976px){.uagb-columns__stack-tablet>.uagb-columns__columns-1>.uagb-column__wrap,.uagb-columns__stack-tablet>.uagb-columns__columns-2>.uagb-column__wrap,.uagb-columns__stack-tablet>.uagb-columns__columns-3>.uagb-column__wrap,.uagb-columns__stack-tablet>.uagb-columns__columns-4>.uagb-column__wrap,.uagb-columns__stack-tablet>.uagb-columns__columns-5>.uagb-column__wrap,.uagb-columns__stack-tablet>.uagb-columns__columns-6>.uagb-column__wrap{width:100% !important}.uagb-columns__stack-tablet{display:block}.uagb-columns__stack-tablet>.uagb-columns__inner-wrap{display:block}.uagb-columns__stack-tablet.uagb-columns__reverse-tablet .uagb-columns__inner-wrap{display:flex;flex-direction:column-reverse}.uagb-columns__reverse-tablet .uagb-columns__inner-wrap{display:flex;flex-direction:row-reverse}}@media (max-width: 767px){.uagb-columns__stack-mobile>.uagb-columns__columns-1>.uagb-column__wrap,.uagb-columns__stack-mobile>.uagb-columns__columns-2>.uagb-column__wrap,.uagb-columns__stack-mobile>.uagb-columns__columns-3>.uagb-column__wrap,.uagb-columns__stack-mobile>.uagb-columns__columns-4>.uagb-column__wrap,.uagb-columns__stack-mobile>.uagb-columns__columns-5>.uagb-column__wrap,.uagb-columns__stack-mobile>.uagb-columns__columns-6>.uagb-column__wrap{width:100% !important}.uagb-columns__stack-mobile{display:block}.uagb-columns__stack-mobile>.uagb-columns__inner-wrap{display:block}.uagb-columns__stack-mobile.uagb-columns__reverse-mobile .uagb-columns__inner-wrap,.uagb-columns__stack-mobile.uagb-columns__reverse-tablet .uagb-columns__inner-wrap{display:flex;flex-direction:column-reverse}.uagb-columns__stack-tablet.uagb-columns__reverse-mobile .uagb-columns__inner-wrap{display:flex;flex-direction:column-reverse}.uagb-columns__reverse-mobile .uagb-columns__inner-wrap{display:flex;flex-direction:row-reverse}}@media (min-width: 768px) and (max-width: 1024px){.wp-block-uagb-columns.uagb-columns__wrap.uagb-columns__background-image{background-attachment:scroll}}@media (max-width: 449px){.uagb-columns__wrap .uagb-column__wrap.uagb-column__background-image{background-attachment:scroll !important}}\n.uagb-column__wrap,.uagb-column__inner-wrap{margin-left:auto;margin-right:auto;position:relative;width:100%;z-index:2}.uagb-column__wrap{position:relative;overflow:visible}.uagb-column__wrap>*{z-index:1;width:100%;position:relative}.uagb-column__wrap .aligncenter{display:block;text-align:center}.uagb-column__wrap .aligncenter figcaption{display:block;text-align:center}.uagb-column__wrap .alignright{display:block;text-align:right}.uagb-column__wrap .alignright figcaption{display:block;text-align:right}.uagb-column__wrap .wp-block-image{width:100%}.uagb-column__wrap.uagb-column__align-left{margin-left:0;margin-right:auto}.uagb-column__wrap.uagb-column__align-right{margin-left:auto;margin-right:0}.uagb-column__wrap .uagb-column__video-wrap,.uagb-column__wrap .uagb-column__overlay{height:100%;width:100%;top:0;left:0;position:absolute;border-radius:inherit}.uagb-column__wrap .uagb-column__video-wrap{overflow:hidden;z-index:0;-webkit-transition:opacity 1s;-o-transition:opacity 1s;transition:opacity 1s}.uagb-column__wrap .uagb-column__video-wrap video{max-width:100%;width:100%;height:100%;margin:0;line-height:1;border:none;display:inline-block;vertical-align:baseline;-o-object-fit:cover;object-fit:cover;background-size:cover}.wp-block-uagb-columns>.editor-inner-blocks>.editor-block-list__layout>[data-type=\"uagb\/column\"]{display:flex;flex-direction:column;flex:1;padding-left:0;padding-right:0;margin-left:-14px;margin-right:-14px;min-width:0;word-break:break-word;overflow-wrap:break-word;flex-basis:100%}@media (max-width: 976px){.uagb-column__align-tablet-left{margin-left:0;margin-right:auto}.uagb-column__align-tablet-right{margin-left:auto;margin-right:0}}@media (max-width: 767px){.uagb-column__align-mobile-left{margin-left:0;margin-right:auto}.uagb-column__align-mobile-right{margin-left:auto;margin-right:0}}@media (max-width: 449px){.uagb-columns__wrap.uagb-columns__background-image{background-attachment:scroll !important}}\n.uagb-block-77fe0817.wp-block-uagb-columns.uagb-columns__wrap{padding-top: 0px;padding-bottom: 0px;padding-left: 0px;padding-right: 0px;margin-top: 0px;margin-bottom: 0px;}.uagb-block-77fe0817 .uagb-columns__video-wrap{opacity: 0.5;}.uagb-block-77fe0817 .uagb-column__inner-wrap{padding: 5px;}.uagb-block-77fe0817 .uagb-column__wrap{padding: 5px;}.uagb-block-77fe0817 .uagb-columns__shape.uagb-columns__shape-top .uagb-columns__shape-fill{fill: rgba(51,51,51,1);}.uagb-block-77fe0817 .uagb-columns__shape.uagb-columns__shape-bottom .uagb-columns__shape-fill{fill: rgba(51,51,51,1);}.uagb-block-77fe0817.wp-block-uagb-columns{box-shadow: 0px 0px    ;}.uagb-block-77fe0817 > .uagb-columns__overlay{border-radius:    ;}.uagb-block-77fe0817.uagb-columns__wrap{border-style: none;}.wp-block-uagb-column.uagb-block-5c15eb5d.uagb-column__wrap{padding-top: 100px;padding-bottom: 100px;padding-left: 100px;padding-right: 100px;margin-top: 10px;margin-bottom: 10px;margin-left: 0px;margin-right: 10px;border-style: none;width: 33%;}.wp-block-uagb-column.uagb-block-5c15eb5d > .uagb-column__overlay{background-color: #606060;border-radius:    ;}.wp-block-uagb-column.uagb-block-34e2345e.uagb-column__wrap{margin-top: 10px;margin-bottom: 10px;margin-left: 10px;margin-right: 0px;border-style: none;background-image: url('https:\/\/hostessa.pl\/wp-content\/uploads\/2025\/11\/kontakt-dna.jpg' );background-position: center center;background-attachment: scroll;background-repeat: no-repeat;background-size: cover;width: 67%;}.wp-block-uagb-column.uagb-block-34e2345e > .uagb-column__overlay{border-radius:    ;}@media only screen and (max-width: 976px) {.uagb-block-77fe0817.uagb-columns__wrap{border-style: none;}.wp-block-uagb-column.uagb-block-5c15eb5d.uagb-column__wrap{padding-top: 60px;padding-bottom: 60px;padding-left: 60px;padding-right: 60px;margin-top: 20px;margin-bottom: 20px;margin-left: 0px;margin-right: 0px;border-style: none;}.wp-block-uagb-column.uagb-block-34e2345e.uagb-column__wrap{padding-top: 200px;padding-bottom: 200px;margin-top: 20px;margin-bottom: 20px;margin-left: 0px;margin-right: 0px;border-style: none;}}@media only screen and (max-width: 767px) {.uagb-block-77fe0817.uagb-columns__wrap{border-style: none;}.wp-block-uagb-column.uagb-block-5c15eb5d.uagb-column__wrap{border-style: none;}.wp-block-uagb-column.uagb-block-34e2345e.uagb-column__wrap{border-style: none;}}.uag-blocks-common-selector{z-index:var(--z-index-desktop) !important}@media (max-width: 976px){.uag-blocks-common-selector{z-index:var(--z-index-tablet) !important}}@media (max-width: 767px){.uag-blocks-common-selector{z-index:var(--z-index-mobile) !important}}\n","js":"","current_block_list":["uagb\/columns","uagb\/column","core\/heading","core\/paragraph","getwid\/advanced-spacer","core\/html","core\/image"],"uag_flag":true,"uag_version":"1776351499","gfonts":[],"gfonts_url":"","gfonts_files":[],"uag_faq_layout":false},"_uag_css_file_name":"uag-css-13578.css","_thumbnail_id":"","_kksr_count_default":"","_kksr_ratings_default":"","_kksr_avg_default":"","_kksr_fingerprint_default":"","_kksr_casts":"","_kksr_ratings":"","_kksr_ref":"","_kksr_avg":"","slide_template":"","_alp_processed":"","_last_translation_edit_mode":"native-editor","_oembed_d7d0006fbcbd7909221f738988a6bc6a":"","_vp_format_video_url":"","_vp_image_focal_point":"","_links_to":"","_links_to_target":"","_oembed_32e302dc0c0fb9862658212a93f87ef5":"","_aioseo_title":"","_aioseo_description":"","_aioseo_keywords":"","_aioseo_og_title":"","_aioseo_og_description":"","_aioseo_og_article_section":"","_aioseo_og_article_tags":"","_aioseo_twitter_title":"","_aioseo_twitter_description":"","_yoast_wpseo_meta-robots-noindex":"","_vp_views_count":"","_links":{"self":[{"href":"https:\/\/hostessa.pl\/en\/wp-json\/wp\/v2\/pages\/13578","targetHints":{"allow":["GET"]}}],"collection":[{"href":"https:\/\/hostessa.pl\/en\/wp-json\/wp\/v2\/pages"}],"about":[{"href":"https:\/\/hostessa.pl\/en\/wp-json\/wp\/v2\/types\/page"}],"author":[{"embeddable":true,"href":"https:\/\/hostessa.pl\/en\/wp-json\/wp\/v2\/users\/1"}],"replies":[{"embeddable":true,"href":"https:\/\/hostessa.pl\/en\/wp-json\/wp\/v2\/comments?post=13578"}],"version-history":[{"count":3,"href":"https:\/\/hostessa.pl\/en\/wp-json\/wp\/v2\/pages\/13578\/revisions"}],"predecessor-version":[{"id":32429,"href":"https:\/\/hostessa.pl\/en\/wp-json\/wp\/v2\/pages\/13578\/revisions\/32429"}],"wp:attachment":[{"href":"https:\/\/hostessa.pl\/en\/wp-json\/wp\/v2\/media?parent=13578"}],"curies":[{"name":"wp","href":"https:\/\/api.w.org\/{rel}","templated":true}]}}