{"id":11391,"date":"2016-11-03T08:30:08","date_gmt":"2016-11-03T08:30:08","guid":{"rendered":"https:\/\/hostessa.pl\/?page_id=11391"},"modified":"2018-05-17T08:19:17","modified_gmt":"2018-05-17T08:19:17","slug":"christmas-offer","status":"publish","type":"page","link":"https:\/\/hostessa.pl\/en\/christmas-offer\/","title":{"rendered":"Christmas offer"},"content":{"rendered":"<h1 style=\"text-align: left;\">CHRISTMAS OFFER<\/h1>\n<p>[image action=&#8221;none&#8221; image_action_link=&#8221;#&#8221; target=&#8221;_self&#8221; align=&#8221;aligncenter&#8221; image_size_alias=&#8221;&#8221; image_alt=&#8221;&#8221; link_title=&#8221;&#8221; margin_top=&#8221;&#8221; margin_right=&#8221;&#8221; margin_bottom=&#8221;&#8221; margin_left=&#8221;&#8221; sc_id=&#8221;sc222418419058&#8243;]https:\/\/hostessa.pl\/wp-content\/uploads\/2016\/11\/oferta-swiateczna-2016-1.jpg[\/image]<\/br><\/p>\n<p style=\"text-align: center;\"><span style=\"color: #000000;\"><strong>During Christmas season we offer &#8220;Snowflake&#8221; Hostess and Santa Clauses for all kind of events.<\/strong><\/span><\/p>\n<p style=\"text-align: center;\"><span style=\"color: #000000;\">If you are interested in this offer please <span style=\"text-decoration: underline;\"><a style=\"color: #000000; text-decoration: underline;\" href=\"https:\/\/hostessa.pl\/en\/get_quote\/\" target=\"_blank\">contact us for pricing<\/a><\/span>!<\/span><\/p>\n","protected":false},"excerpt":{"rendered":"<p>CHRISTMAS OFFER [image action=&#8221;none&#8221; image_action_link=&#8221;#&#8221; target=&#8221;_self&#8221; align=&#8221;aligncenter&#8221; image_size_alias=&#8221;&#8221; image_alt=&#8221;&#8221; link_title=&#8221;&#8221; margin_top=&#8221;&#8221; margin_right=&#8221;&#8221; margin_bottom=&#8221;&#8221; margin_left=&#8221;&#8221; sc_id=&#8221;sc222418419058&#8243;]https:\/\/hostessa.pl\/wp-content\/uploads\/2016\/11\/oferta-swiateczna-2016-1.jpg[\/image] During Christmas season we offer &#8220;Snowflake&#8221; Hostess and Santa Clauses for all kind of events. If you are interested in this offer please contact us for pricing!<\/p>\n","protected":false},"author":1,"featured_media":0,"parent":0,"menu_order":0,"comment_status":"closed","ping_status":"closed","template":"","meta":{"_uag_custom_page_level_css":"","yasr_overall_rating":0,"yasr_post_is_review":"","yasr_auto_insert_disabled":"","yasr_review_type":"","_vp_format_video_url":"","_vp_image_focal_point":[],"footnotes":"","_links_to":"","_links_to_target":""},"class_list":["post-11391","page","type-page","status-publish","hentry"],"yoast_head":"<!-- This site is optimized with the Yoast SEO plugin v27.3 - https:\/\/yoast.com\/product\/yoast-seo-wordpress\/ -->\n<title>Christmas offer - Agencja Hostess DNA - Hostessy wynajem, ca\u0142a Polska, Warszawa<\/title>\n<meta name=\"robots\" content=\"index, follow, max-snippet:-1, max-image-preview:large, max-video-preview:-1\" \/>\n<link rel=\"canonical\" href=\"https:\/\/hostessa.pl\/en\/christmas-offer\/\" \/>\n<meta property=\"og:locale\" content=\"en_US\" \/>\n<meta property=\"og:type\" content=\"article\" \/>\n<meta property=\"og:title\" content=\"Christmas offer - Agencja Hostess DNA - Hostessy wynajem, ca\u0142a Polska, Warszawa\" \/>\n<meta property=\"og:description\" content=\"CHRISTMAS OFFER [image action=&#8221;none&#8221; image_action_link=&#8221;#&#8221; target=&#8221;_self&#8221; align=&#8221;aligncenter&#8221; image_size_alias=&#8221;&#8221; image_alt=&#8221;&#8221; link_title=&#8221;&#8221; margin_top=&#8221;&#8221; margin_right=&#8221;&#8221; margin_bottom=&#8221;&#8221; margin_left=&#8221;&#8221; sc_id=&#8221;sc222418419058&#8243;]https:\/\/hostessa.pl\/wp-content\/uploads\/2016\/11\/oferta-swiateczna-2016-1.jpg[\/image] During Christmas season we offer &#8220;Snowflake&#8221; Hostess and Santa Clauses for all kind of events. If you are interested in this offer please contact us for pricing!\" \/>\n<meta property=\"og:url\" content=\"https:\/\/hostessa.pl\/en\/christmas-offer\/\" \/>\n<meta property=\"og:site_name\" content=\"Agencja Hostess DNA - Hostessy wynajem, ca\u0142a Polska, Warszawa\" \/>\n<meta property=\"article:publisher\" content=\"https:\/\/www.facebook.com\/DNA.agencja\" \/>\n<meta property=\"article:modified_time\" content=\"2018-05-17T08:19:17+00:00\" \/>\n<meta property=\"og:image\" content=\"https:\/\/hostessa.pl\/wp-content\/uploads\/2015\/10\/dna.jpg\" \/>\n\t<meta property=\"og:image:width\" content=\"1000\" \/>\n\t<meta property=\"og:image:height\" content=\"621\" \/>\n\t<meta property=\"og:image:type\" content=\"image\/jpeg\" \/>\n<meta name=\"twitter:card\" content=\"summary_large_image\" \/>\n<script type=\"application\/ld+json\" class=\"yoast-schema-graph\">{\"@context\":\"https:\\\/\\\/schema.org\",\"@graph\":[{\"@type\":\"WebPage\",\"@id\":\"https:\\\/\\\/hostessa.pl\\\/en\\\/christmas-offer\\\/\",\"url\":\"https:\\\/\\\/hostessa.pl\\\/en\\\/christmas-offer\\\/\",\"name\":\"Christmas offer - Agencja Hostess DNA - Hostessy wynajem, ca\u0142a Polska, Warszawa\",\"isPartOf\":{\"@id\":\"https:\\\/\\\/hostessa.pl\\\/#website\"},\"datePublished\":\"2016-11-03T08:30:08+00:00\",\"dateModified\":\"2018-05-17T08:19:17+00:00\",\"breadcrumb\":{\"@id\":\"https:\\\/\\\/hostessa.pl\\\/en\\\/christmas-offer\\\/#breadcrumb\"},\"inLanguage\":\"en-US\",\"potentialAction\":[{\"@type\":\"ReadAction\",\"target\":[\"https:\\\/\\\/hostessa.pl\\\/en\\\/christmas-offer\\\/\"]}]},{\"@type\":\"BreadcrumbList\",\"@id\":\"https:\\\/\\\/hostessa.pl\\\/en\\\/christmas-offer\\\/#breadcrumb\",\"itemListElement\":[{\"@type\":\"ListItem\",\"position\":1,\"name\":\"Home\",\"item\":\"https:\\\/\\\/hostessa.pl\\\/en\\\/\"},{\"@type\":\"ListItem\",\"position\":2,\"name\":\"Christmas offer\"}]},{\"@type\":\"WebSite\",\"@id\":\"https:\\\/\\\/hostessa.pl\\\/#website\",\"url\":\"https:\\\/\\\/hostessa.pl\\\/\",\"name\":\"Agencja Hostess DNA - Hostessy wynajem, ca\u0142a Polska, Warszawa\",\"description\":\"Hostessy, ho\u015bci, promotorki i animatorki na targi, konferencje, eventy i promocje - ca\u0142y kraj - Warszawa, Katowice, Pozna\u0144, Wroc\u0142aw, Krak\u00f3w, Gda\u0144sk\",\"potentialAction\":[{\"@type\":\"SearchAction\",\"target\":{\"@type\":\"EntryPoint\",\"urlTemplate\":\"https:\\\/\\\/hostessa.pl\\\/?s={search_term_string}\"},\"query-input\":{\"@type\":\"PropertyValueSpecification\",\"valueRequired\":true,\"valueName\":\"search_term_string\"}}],\"inLanguage\":\"en-US\"},false]}<\/script>\n<!-- \/ Yoast SEO plugin. -->","yoast_head_json":{"title":"Christmas offer - Agencja Hostess DNA - Hostessy wynajem, ca\u0142a Polska, Warszawa","robots":{"index":"index","follow":"follow","max-snippet":"max-snippet:-1","max-image-preview":"max-image-preview:large","max-video-preview":"max-video-preview:-1"},"canonical":"https:\/\/hostessa.pl\/en\/christmas-offer\/","og_locale":"en_US","og_type":"article","og_title":"Christmas offer - Agencja Hostess DNA - Hostessy wynajem, ca\u0142a Polska, Warszawa","og_description":"CHRISTMAS OFFER [image action=&#8221;none&#8221; image_action_link=&#8221;#&#8221; target=&#8221;_self&#8221; align=&#8221;aligncenter&#8221; image_size_alias=&#8221;&#8221; image_alt=&#8221;&#8221; link_title=&#8221;&#8221; margin_top=&#8221;&#8221; margin_right=&#8221;&#8221; margin_bottom=&#8221;&#8221; margin_left=&#8221;&#8221; sc_id=&#8221;sc222418419058&#8243;]https:\/\/hostessa.pl\/wp-content\/uploads\/2016\/11\/oferta-swiateczna-2016-1.jpg[\/image] During Christmas season we offer &#8220;Snowflake&#8221; Hostess and Santa Clauses for all kind of events. If you are interested in this offer please contact us for pricing!","og_url":"https:\/\/hostessa.pl\/en\/christmas-offer\/","og_site_name":"Agencja Hostess DNA - Hostessy wynajem, ca\u0142a Polska, Warszawa","article_publisher":"https:\/\/www.facebook.com\/DNA.agencja","article_modified_time":"2018-05-17T08:19:17+00:00","og_image":[{"width":1000,"height":621,"url":"https:\/\/hostessa.pl\/wp-content\/uploads\/2015\/10\/dna.jpg","type":"image\/jpeg"}],"twitter_card":"summary_large_image","schema":{"@context":"https:\/\/schema.org","@graph":[{"@type":"WebPage","@id":"https:\/\/hostessa.pl\/en\/christmas-offer\/","url":"https:\/\/hostessa.pl\/en\/christmas-offer\/","name":"Christmas offer - Agencja Hostess DNA - Hostessy wynajem, ca\u0142a Polska, Warszawa","isPartOf":{"@id":"https:\/\/hostessa.pl\/#website"},"datePublished":"2016-11-03T08:30:08+00:00","dateModified":"2018-05-17T08:19:17+00:00","breadcrumb":{"@id":"https:\/\/hostessa.pl\/en\/christmas-offer\/#breadcrumb"},"inLanguage":"en-US","potentialAction":[{"@type":"ReadAction","target":["https:\/\/hostessa.pl\/en\/christmas-offer\/"]}]},{"@type":"BreadcrumbList","@id":"https:\/\/hostessa.pl\/en\/christmas-offer\/#breadcrumb","itemListElement":[{"@type":"ListItem","position":1,"name":"Home","item":"https:\/\/hostessa.pl\/en\/"},{"@type":"ListItem","position":2,"name":"Christmas offer"}]},{"@type":"WebSite","@id":"https:\/\/hostessa.pl\/#website","url":"https:\/\/hostessa.pl\/","name":"Agencja Hostess DNA - Hostessy wynajem, ca\u0142a Polska, Warszawa","description":"Hostessy, ho\u015bci, promotorki i animatorki na targi, konferencje, eventy i promocje - ca\u0142y kraj - Warszawa, Katowice, Pozna\u0144, Wroc\u0142aw, Krak\u00f3w, Gda\u0144sk","potentialAction":[{"@type":"SearchAction","target":{"@type":"EntryPoint","urlTemplate":"https:\/\/hostessa.pl\/?s={search_term_string}"},"query-input":{"@type":"PropertyValueSpecification","valueRequired":true,"valueName":"search_term_string"}}],"inLanguage":"en-US"},false]}},"yasr_visitor_votes":{"stars_attributes":{"read_only":false,"span_bottom":false},"number_of_votes":0,"sum_votes":0},"uagb_featured_image_src":{"full":false,"thumbnail":false,"medium":false,"medium_large":false,"large":false,"1536x1536":false,"2048x2048":false,"vp_sm":false,"vp_md":false,"vp_lg":false,"vp_xl":false,"vp_sm_popup":false,"vp_md_popup":false,"vp_xl_popup":false},"uagb_author_info":{"display_name":"marketing@dna.com.pl","author_link":"https:\/\/hostessa.pl\/en\/author\/marketingdna-com-pl\/"},"uagb_comment_info":0,"uagb_excerpt":"CHRISTMAS OFFER [image action=&#8221;none&#8221; image_action_link=&#8221;#&#8221; target=&#8221;_self&#8221; align=&#8221;aligncenter&#8221; image_size_alias=&#8221;&#8221; image_alt=&#8221;&#8221; link_title=&#8221;&#8221; margin_top=&#8221;&#8221; margin_right=&#8221;&#8221; margin_bottom=&#8221;&#8221; margin_left=&#8221;&#8221; sc_id=&#8221;sc222418419058&#8243;]https:\/\/hostessa.pl\/wp-content\/uploads\/2016\/11\/oferta-swiateczna-2016-1.jpg[\/image] During Christmas season we offer &#8220;Snowflake&#8221; Hostess and Santa Clauses for all kind of events. If you are interested in this offer please contact us for pricing!","_wp_page_template":"default","_edit_lock":"1547045561:1","_edit_last":"1","slides_group":"","page_slider":"","layerslider_slide_group":"","cuteslider_slide_group":"","page_slider_type":"none","thememakers_layout_constructor":[],"thememakers_layout_constructor_row":[],"thememakers_gallery":"","layout":"","facebook":"","twitter":"","linkedin":"","dribble":"","portfolio_date":"","portfolio_clients":"","portfolio_tools":"","thememakers_portfolio":"","meta_title":"","meta_keywords":"","meta_description":"","post_pod_type":"","post_type_values":"","pagebg_type":"color","pagebg_color":"","pagebg_image":"","pagebg_type_image_option":"repeat","page_sidebar_position":"sbr","headerbg_type":"color","headerbg_color":"","headerbg_image":"","headerbg_type_image_option":"repeat","tmm_portfolio":"","portfolio_camera":"","portfolio_lens":"","portfolio_tripod_or_handheld":"","portfolio_fl":"","portfolio_exposure":"","portfolio_brackets":"","portfolio_processed":"","portfolio_etc":"","vimeo":"","youtube":"","pinterest":"","instagram":"","flickr":"","gplus":"","behance":"","rss":"","portfolio_camera_label":"","portfolio_lens_label":"","portfolio_tripod_or_handheld_label":"","portfolio_fl_label":"","portfolio_exposure_label":"","portfolio_brackets_label":"","portfolio_processed_label":"","portfolio_etc_label":"","page_title_status":"hide","fb_com":"","headerbg_opacity":"0","footerbg_type":"color","footerbg_color":"","footerbg_image":"","footerbg_type_image_option":"repeat","footerbg_opacity":"0","tmm_google_fonts":"","_wpwoxcustomscriptcontenttop":"","_wpwoxcustomscriptcontentbottom":"","_wpwoxcustomscriptcontentinhead":"","_wpwoxcustomscriptcontentinfooter":"","_yoast_wpseo_focuskw_text_input":"","_yoast_wpseo_focuskw":"","_yoast_wpseo_metadesc":"","_yoast_wpseo_linkdex":"","_oembed_f2fbcdb699bbb0df141d301c329d6922":"","_oembed_time_f2fbcdb699bbb0df141d301c329d6922":"","classic-editor-remember":"","_wpml_media_duplicate":"0","_wpml_media_featured":"0","_vp_words_count":"","_yoast_wpseo_estimated-reading-time-minutes":"","_yoast_wpseo_title":"","_yoast_wpseo_content_score":"90","_wpml_word_count":"","_wpml_location_migration_done":"","rmp_vote_count":"","rmp_rating_val_sum":"","rmp_avg_rating":"","yasr_schema_additional_fields":"","_yoast_wpseo_wordproof_timestamp":"","_uag_page_assets":{"css":"","js":"","current_block_list":[],"uag_flag":false,"uag_version":"1775217824","gfonts":[],"gfonts_url":"","gfonts_files":[],"uag_faq_layout":false},"_uag_css_file_name":"","_thumbnail_id":"","_kksr_count_default":"","_kksr_ratings_default":"","_kksr_avg_default":"","_kksr_fingerprint_default":"","_kksr_casts":"","_kksr_ratings":"","_kksr_ref":"","_kksr_avg":"","slide_template":"default","_alp_processed":"","_last_translation_edit_mode":"","_oembed_d7d0006fbcbd7909221f738988a6bc6a":"","_vp_format_video_url":"","_vp_image_focal_point":"","_links_to":"","_links_to_target":"","_oembed_32e302dc0c0fb9862658212a93f87ef5":"","_aioseo_title":"","_aioseo_description":"","_aioseo_keywords":"","_aioseo_og_title":"","_aioseo_og_description":"","_aioseo_og_article_section":"","_aioseo_og_article_tags":"","_aioseo_twitter_title":"","_aioseo_twitter_description":"","_yoast_wpseo_meta-robots-noindex":"","_vp_views_count":"","_links":{"self":[{"href":"https:\/\/hostessa.pl\/en\/wp-json\/wp\/v2\/pages\/11391","targetHints":{"allow":["GET"]}}],"collection":[{"href":"https:\/\/hostessa.pl\/en\/wp-json\/wp\/v2\/pages"}],"about":[{"href":"https:\/\/hostessa.pl\/en\/wp-json\/wp\/v2\/types\/page"}],"author":[{"embeddable":true,"href":"https:\/\/hostessa.pl\/en\/wp-json\/wp\/v2\/users\/1"}],"replies":[{"embeddable":true,"href":"https:\/\/hostessa.pl\/en\/wp-json\/wp\/v2\/comments?post=11391"}],"version-history":[{"count":0,"href":"https:\/\/hostessa.pl\/en\/wp-json\/wp\/v2\/pages\/11391\/revisions"}],"wp:attachment":[{"href":"https:\/\/hostessa.pl\/en\/wp-json\/wp\/v2\/media?parent=11391"}],"curies":[{"name":"wp","href":"https:\/\/api.w.org\/{rel}","templated":true}]}}